{"id":17,"date":"2019-07-25T13:46:02","date_gmt":"2019-07-25T11:46:02","guid":{"rendered":"https:\/\/2019.marseille.wordcamp.org\/contact\/"},"modified":"2019-08-26T23:10:47","modified_gmt":"2019-08-26T21:10:47","slug":"contact","status":"publish","type":"page","link":"https:\/\/marseille.wordcamp.org\/2019\/contact\/","title":{"rendered":"Formulaire de Contact"},"content":{"rendered":"\n<p>Si vous avez des questions, des suggestions ou des remarques, n&rsquo;h\u00e9sitez pas \u00e0 nous envoyer un message.<\/p>\n\n\n\n<p>Nous vous r\u00e9pondrons d\u00e8s que possible.<\/p>\n\n\n<div data-test='contact-form'\n\t\t\tid='contact-form-17'\n\t\t\tclass='wp-block-jetpack-contact-form-container '\n\t\t\tdata-wp-interactive='jetpack\/form' data-wp-context='{\"formId\":\"17\",\"formHash\":\"4fa7fe0ff94b9d3c31babc61ebe6395caba9dcf5\",\"showErrors\":false,\"errors\":[],\"fields\":[],\"isMultiStep\":false,\"useAjax\":true,\"submissionData\":null,\"formattedSubmissionData\":[],\"submissionSuccess\":false,\"submissionError\":null,\"elementId\":\"jp-form-4fa7fe0ff94b9d3c31babc61ebe6395caba9dcf5\",\"isSingleInputForm\":false}'\n\t\t\tdata-wp-watch--scroll-to-wrapper=\"callbacks.scrollToWrapper\"\n\t\t>\n<div class=\"contact-form-submission contact-form-ajax-submission\" data-wp-bind--aria-hidden=\"state.isSuccessMessageAriaHidden\" data-wp-class--submission-success=\"context.submissionSuccess\" id=\"contact-form-success-4fa7fe0ff94b9d3c31babc61ebe6395caba9dcf5\" tabindex=\"-1\" aria-labelledby=\"contact-form-success-header-4fa7fe0ff94b9d3c31babc61ebe6395caba9dcf5\"><p class=\"go-back-message\"><a class=\"link\" role=\"button\" tabindex=\"0\" data-wp-on--click=\"actions.goBack\" href=\"\/2019\/wp-json\/wp\/v2\/pages\/17\">\u2190 Back<\/a><\/p><h4 data-wp-bind--aria-hidden=\"state.isSuccessMessageAriaHidden\" id=\"contact-form-success-header-4fa7fe0ff94b9d3c31babc61ebe6395caba9dcf5\">Votre message a \u00e9t\u00e9 envoy\u00e9<\/h4>\n\n<template data-wp-each--submission=\"context.formattedSubmissionData\">\n\t\t\t\t\t<div class=\"jetpack_forms_contact-form-success-summary\">\n\t\t\t\t\t\t<div class=\"field-name\" data-wp-text=\"context.submission.label\" data-wp-bind--hidden=\"!context.submission.label\"><\/div>\n\t\t\t\t\t\t<div class=\"field-value\" data-wp-text=\"context.submission.value\" data-wp-bind--hidden=\"!context.submission.showPlainValue\"><\/div>\n\t\t\t\t\t\t<a class=\"field-url\" data-wp-bind--href=\"context.submission.url\" data-wp-text=\"context.submission.value\" data-wp-bind--hidden=\"!context.submission.url\" target=\"_blank\" rel=\"noopener noreferrer\"><\/a>\n\t\t\t\t\t\t<div class=\"field-rating\" data-wp-bind--hidden=\"!context.submission.rating\" data-wp-watch=\"callbacks.watchRatingIcons\"><\/div>\n\t\t\t\t\t\t<div class=\"field-images\" data-wp-bind--hidden=\"!context.submission.images\">\n\t\t\t\t\t\t\t<template data-wp-each--image=\"context.submission.images\">\n\t\t\t\t\t\t\t\t<div class=\"field-image-option\" data-wp-class--is-empty=\"!context.image.src\">\n\t\t\t\t\t\t\t\t\t<figure class=\"field-image-option__image\" data-wp-class--is-empty=\"!context.image.src\">\n\t\t\t\t\t\t\t\t\t\t<img data-wp-bind--src=\"context.image.src\" data-wp-bind--hidden=\"!context.image.src\" \/>\n\t\t\t\t\t\t\t\t\t\t<img decoding=\"async\" src=\"data:image\/gif;base64,R0lGODlhAQABAAD\/ACwAAAAAAQABAAACADs=\" data-wp-bind--hidden=\"context.image.src\" \/>\n\t\t\t\t\t\t\t\t\t<\/figure>\n\t\t\t\t\t\t\t\t\t<div class=\"field-image-option__label-wrapper\">\n\t\t\t\t\t\t\t\t\t\t<span class=\"field-image-option__label-code\" data-wp-text=\"context.image.letterCode\"><\/span>\n\t\t\t\t\t\t\t\t\t\t<span class=\"field-image-option__label\" data-wp-text=\"context.image.label\" data-wp-bind--hidden=\"!context.image.label\"><\/span>\n\t\t\t\t\t\t\t\t\t<\/div>\n\t\t\t\t\t\t\t\t<\/div>\n\t\t\t\t\t\t\t<\/template>\n\t\t\t\t\t\t<\/div>\n\t\t\t\t\t\t<div class=\"field-files\" data-wp-bind--hidden=\"!context.submission.files\">\n\t\t\t\t\t\t\t<template data-wp-each--file=\"context.submission.files\">\n\t\t\t\t\t\t\t\t<div class=\"field-file\">\n\t\t\t\t\t\t\t\t\t<div class=\"field-file__thumbnail\" data-wp-style--background-image=\"context.file.previewUrl\" data-wp-style--mask-image=\"context.file.iconUrl\" data-wp-bind--hidden=\"!context.file.hasPreview\"><\/div>\n\t\t\t\t\t\t\t\t\t<svg class=\"field-file__icon\" data-wp-bind--hidden=\"context.file.hasPreview\" width=\"20\" height=\"20\" viewBox=\"0 0 24 24\" fill=\"none\" xmlns=\"http:\/\/www.w3.org\/2000\/svg\" aria-hidden=\"true\">\n\t\t\t\t\t\t\t\t\t\t<path d=\"M14 2H6C4.9 2 4 2.9 4 4V20C4 21.1 4.89 22 5.99 22H18C19.1 22 20 21.1 20 20V8L14 2ZM18 20H6V4H13V9H18V20Z\" fill=\"currentColor\"\/>\n\t\t\t\t\t\t\t\t\t<\/svg>\n\t\t\t\t\t\t\t\t\t<span class=\"field-file__name\" data-wp-text=\"context.file.name\"><\/span>\n\t\t\t\t\t\t\t\t\t<span class=\"field-file__size\" data-wp-text=\"context.file.size\"><\/span>\n\t\t\t\t\t\t\t\t<\/div>\n\t\t\t\t\t\t\t<\/template>\n\t\t\t\t\t\t<\/div>\n\t\t\t\t\t<\/div>\n\t\t\t\t<\/template><\/div><form action='https:\/\/marseille.wordcamp.org\/2019\/contact\/'\n\t\t\t\tid='jp-form-4fa7fe0ff94b9d3c31babc61ebe6395caba9dcf5'\n\t\t\t\tmethod='post'\n\t\t\t\tclass='contact-form commentsblock' aria-label=\"Formulaire de Contact\"\n\t\t\t\tdata-wp-on--submit=\"actions.onFormSubmit\"\n\t\t\t\tdata-wp-on--reset=\"actions.onFormReset\"\n\t\t\t\tdata-wp-class--submission-success=\"context.submissionSuccess\"\n\t\t\t\tdata-wp-class--is-first-step=\"state.isFirstStep\"\n\t\t\t\tdata-wp-class--is-last-step=\"state.isLastStep\"\n\t\t\t\tdata-wp-class--is-ajax-form=\"context.useAjax\"\n\t\t\t\tnovalidate >\n<input type='hidden' name='jetpack_contact_form_jwt' value='eyJ0eXAiOiJKV1QiLCJhbGciOiJIUzI1NiJ9.eyJlbmNyeXB0ZWRfYXR0cmlidXRlcyI6IkV1SE1aREFFb0dXUGdpYjVEWUtSRHB5RFE4UWpkTGdTY0N0bmJrYXdqYW5xZlcwblhmc0dXYWhlS0tCYmlQaVRPZUNlSW93MVNvdDNvdjhBTlcvVmNCQ3ZZSUgwWXBmZ2N2SllmN1g1SHJvNGVjZnhUTXU1OWgzRXdscWRCMXpzS0hia0hIdmE2MDVnOHh0S0poa1VObGdQa0Y3WjVaQUZEUnk0Q2J3cHNBakJ0UXNaRThPV1Zxa1oxSDRGZGwyYnJnMGo3aHcvM05rRnJwZUxRYjAzbmRBaXUzbWF4d2VNSFo3RG1qYUltcVM3bDRVbmgrQi9LNXIyWHp2OVlHQ2xScUZwNFMzcU5vUXBrT2V0bWdML1ZjM2F4bFREaklIY0VpbHFFYTRNdC9OUjduWlR6WXhsclFSUC9jNUV3RGIvZDIzUG1VemhRNFFnRURzVTV6ejJQUU9QSFc4UnBIRVZmcHVYL3Q3STY5d1RTYjBGaTdyZ0w5S0oxN0FLRElONUY4WllvUU94ajJwMytOWHA4ZkpGQzVPR2JQNlBmWVliRmlaVzRQTHp4NTNzUjFVVk9JbDJERUJ0Mm1XRnpyVmdncmJqcE9icW5sMGNscE5KaHFXWit2ZWFMN216QVcxT000SDF3dENwL1NjM3h2S0xyby91WUZFMkdqN1ozVnR6R29qQXg5MVZiazN2UnIzdHVueEt0SnBjemw1eEswLzRyU1NTc04zNElLV0lrbS9tSGtxVWVRV28yNmFsODU0akNwbStNdVdZYmc1YjRtbkhMVG9Xb1o1Rm1jdTVQTUViSjVhSTVaTlFRd2orNE9ObGJMYnFaSXNLMEVRUXdVZ1k5aVUwYlJFam1TQXNaK2Nyc2swajQrNnR3MjVrQW5VVzdKeTNrTWxZRkdleHNIVXYwUVJjemVIT0pSWmZCd0hza3FFRkt3a3lpMWYvSTNsWnNmQUNWQ3V3N1QwYUNnQTJ3KzZzQnNLSkFSSG44VGhBZXBGU1F3V0FNR05xT1ZxcnkyL2M1QXpsMXBWTGZOVW1NdHJHb2lHenVaa2xZMDl3bUlNd0hKRGx6Y3FTc1p4NFo3Z1N2eXhqK0Z5UlljbldaWkdvUWd0azJkQnZncFNtSC84Z2tGc2FYZHIyK09vSitiUmwzYTVhaHJCeHowOEpsY1J6K3dnQlFNZStQaVJhakg2NG1mV2R1N3BHOHNaZSIsImNvbnRlbnQiOiJcbltjb250YWN0LWZpZWxkIGxhYmVsPVwiVm90cmUgTm9tXCIgcmVxdWlyZWQ9XCIxXCIgdHlwZT1cIm5hbWVcIi9dXG5cbltjb250YWN0LWZpZWxkIGxhYmVsPVwiVm90cmUgRW1haWxcIiByZXF1aXJlZD1cIjFcIiB0eXBlPVwiZW1haWxcIi9dXG5cbltjb250YWN0LWZpZWxkIGxhYmVsPVwiVm90cmUgTWVzc2FnZVwiIHJlcXVpcmVkPVwiMVwiIHR5cGU9XCJ0ZXh0YXJlYVwiL11cbiIsImhhc2giOiI0ZmE3ZmUwZmY5NGI5ZDNjMzFiYWJjNjFlYmU2Mzk1Y2FiYTlkY2Y1Iiwic291cmNlIjp7ImVudHJ5X3RpdGxlIjoiRm9ybXVsYWlyZSBkZSBDb250YWN0IiwiZW50cnlfcGFnZSI6MSwic291cmNlX2lkIjoxNywic291cmNlX3R5cGUiOiJzaW5nbGUiLCJyZXF1ZXN0X3VybCI6Imh0dHBzOi8vbWFyc2VpbGxlLndvcmRjYW1wLm9yZy8yMDE5L3dwLWpzb24vd3AvdjIvcGFnZXMvMTcifSwidmVyc2lvbiI6MiwiY2lwaGVyIjoiYWVzLTI1Ni1nY20ifQ.Q3WD11AQhIO8uIR0dPBRKgZ10Lzd2oJ99_m1g6rcYGU' \/>\n\n\n<div style=\"\"  data-wp-interactive=\"jetpack\/form\" data-wp-context='{\"fieldId\":\"g17-votrenom\",\"fieldType\":\"name\",\"fieldLabel\":\"Votre Nom\",\"fieldValue\":\"\",\"fieldPlaceholder\":\"\",\"fieldIsRequired\":\"1\",\"fieldErrorMessage\":\"\",\"fieldExtra\":[],\"formHash\":\"4fa7fe0ff94b9d3c31babc61ebe6395caba9dcf5\"}'  class='grunion-field-name-wrap grunion-field-wrap'  data-wp-init='callbacks.initializeField' data-wp-on--jetpack-form-reset='callbacks.initializeField' >\n<label\n\t\t\t\tfor='g17-votrenom' class=\"grunion-field-label name\" >Votre Nom<span class=\"grunion-label-required\" aria-hidden=\"true\">(obligatoire)<\/span><\/label>\n<input\n\t\t\t\t\ttype='text'\n\t\t\t\t\tname='g17-votrenom'\n\t\t\t\t\tid='g17-votrenom'\n\t\t\t\t\tvalue=''\n\n\t\t\t\t\tdata-wp-bind--aria-invalid='state.fieldAriaInvalid'\n\t\t\t\t\tdata-wp-bind--value='state.getFieldValue'\n\t\t\t\t\taria-describedby='g17-votrenom-text-error-message'\n\t\t\t\t\tdata-wp-on--input='actions.onFieldChange'\n\t\t\t\t\tdata-wp-on--blur='actions.onFieldBlur'\n\t\t\t\t\tdata-wp-class--has-value='state.hasFieldValue'\n\n\t\t\t\t\tclass='name  grunion-field' \n\t\t\t\t\trequired='true' aria-required='true'  \/>\n \n\t\t\t<div id=\"g17-votrenom-text-error\" class=\"contact-form__input-error\" data-wp-class--has-errors=\"state.fieldHasErrors\">\n\t\t\t\t<span class=\"contact-form__warning-icon\" aria-hidden=\"true\">\n\t\t\t\t\t<svg width=\"16\" height=\"16\" viewBox=\"0 0 16 16\" fill=\"none\" xmlns=\"http:\/\/www.w3.org\/2000\/svg\">\n\t\t\t\t\t\t<path d=\"M8.50015 11.6402H7.50015V10.6402H8.50015V11.6402Z\" \/>\n\t\t\t\t\t\t<path d=\"M7.50015 9.64018H8.50015V6.30684H7.50015V9.64018Z\" \/>\n\t\t\t\t\t\t<path fill-rule=\"evenodd\" clip-rule=\"evenodd\" d=\"M6.98331 3.0947C7.42933 2.30177 8.57096 2.30177 9.01698 3.09469L13.8771 11.7349C14.3145 12.5126 13.7525 13.4735 12.8602 13.4735H3.14004C2.24774 13.4735 1.68575 12.5126 2.12321 11.7349L6.98331 3.0947ZM8.14541 3.58496C8.08169 3.47168 7.9186 3.47168 7.85488 3.58496L2.99478 12.2251C2.93229 12.3362 3.01257 12.4735 3.14004 12.4735H12.8602C12.9877 12.4735 13.068 12.3362 13.0055 12.2251L8.14541 3.58496Z\" \/>\n\t\t\t\t\t<\/svg>\n\t\t\t\t<\/span>\n\t\t\t\t<span data-wp-text=\"state.errorMessage\" id=\"g17-votrenom-text-error-message\"><\/span>\n\t\t\t<\/div> \n\t<\/div>\n\n\n\n<div style=\"\"  data-wp-interactive=\"jetpack\/form\" data-wp-context='{\"fieldId\":\"g17-votreemail\",\"fieldType\":\"email\",\"fieldLabel\":\"Votre Email\",\"fieldValue\":\"\",\"fieldPlaceholder\":\"\",\"fieldIsRequired\":\"1\",\"fieldErrorMessage\":\"\",\"fieldExtra\":[],\"formHash\":\"4fa7fe0ff94b9d3c31babc61ebe6395caba9dcf5\"}'  class='grunion-field-email-wrap grunion-field-wrap'  data-wp-init='callbacks.initializeField' data-wp-on--jetpack-form-reset='callbacks.initializeField' >\n<label\n\t\t\t\tfor='g17-votreemail' class=\"grunion-field-label email\" >Votre Email<span class=\"grunion-label-required\" aria-hidden=\"true\">(obligatoire)<\/span><\/label>\n<input\n\t\t\t\t\ttype='email'\n\t\t\t\t\tname='g17-votreemail'\n\t\t\t\t\tid='g17-votreemail'\n\t\t\t\t\tvalue=''\n\n\t\t\t\t\tdata-wp-bind--aria-invalid='state.fieldAriaInvalid'\n\t\t\t\t\tdata-wp-bind--value='state.getFieldValue'\n\t\t\t\t\taria-describedby='g17-votreemail-email-error-message'\n\t\t\t\t\tdata-wp-on--input='actions.onFieldChange'\n\t\t\t\t\tdata-wp-on--blur='actions.onFieldBlur'\n\t\t\t\t\tdata-wp-class--has-value='state.hasFieldValue'\n\n\t\t\t\t\tclass='email  grunion-field' \n\t\t\t\t\trequired='true' aria-required='true'  \/>\n \n\t\t\t<div id=\"g17-votreemail-email-error\" class=\"contact-form__input-error\" data-wp-class--has-errors=\"state.fieldHasErrors\">\n\t\t\t\t<span class=\"contact-form__warning-icon\" aria-hidden=\"true\">\n\t\t\t\t\t<svg width=\"16\" height=\"16\" viewBox=\"0 0 16 16\" fill=\"none\" xmlns=\"http:\/\/www.w3.org\/2000\/svg\">\n\t\t\t\t\t\t<path d=\"M8.50015 11.6402H7.50015V10.6402H8.50015V11.6402Z\" \/>\n\t\t\t\t\t\t<path d=\"M7.50015 9.64018H8.50015V6.30684H7.50015V9.64018Z\" \/>\n\t\t\t\t\t\t<path fill-rule=\"evenodd\" clip-rule=\"evenodd\" d=\"M6.98331 3.0947C7.42933 2.30177 8.57096 2.30177 9.01698 3.09469L13.8771 11.7349C14.3145 12.5126 13.7525 13.4735 12.8602 13.4735H3.14004C2.24774 13.4735 1.68575 12.5126 2.12321 11.7349L6.98331 3.0947ZM8.14541 3.58496C8.08169 3.47168 7.9186 3.47168 7.85488 3.58496L2.99478 12.2251C2.93229 12.3362 3.01257 12.4735 3.14004 12.4735H12.8602C12.9877 12.4735 13.068 12.3362 13.0055 12.2251L8.14541 3.58496Z\" \/>\n\t\t\t\t\t<\/svg>\n\t\t\t\t<\/span>\n\t\t\t\t<span data-wp-text=\"state.errorMessage\" id=\"g17-votreemail-email-error-message\"><\/span>\n\t\t\t<\/div> \n\t<\/div>\n\n\n\n<div style=\"\"  data-wp-interactive=\"jetpack\/form\" data-wp-context='{\"fieldId\":\"g17-votremessage\",\"fieldType\":\"textarea\",\"fieldLabel\":\"Votre Message\",\"fieldValue\":\"\",\"fieldPlaceholder\":\"\",\"fieldIsRequired\":\"1\",\"fieldErrorMessage\":\"\",\"fieldExtra\":[],\"formHash\":\"4fa7fe0ff94b9d3c31babc61ebe6395caba9dcf5\"}'  class='grunion-field-textarea-wrap grunion-field-wrap'  data-wp-init='callbacks.initializeField' data-wp-on--jetpack-form-reset='callbacks.initializeField' >\n<label\n\t\t\t\tfor='contact-form-comment-g17-votremessage' class=\"grunion-field-label textarea\" >Votre Message<span class=\"grunion-label-required\" aria-hidden=\"true\">(obligatoire)<\/span><\/label>\n<textarea\n\t\t                style=''\n\t\t                name='g17-votremessage'\n\t\t                id='contact-form-comment-g17-votremessage'\n\t\t                rows='20'\n\t\t\t\t\t\tdata-wp-text='state.getFieldValue'\n\t\t\t\t\t\tdata-wp-on--input='actions.onFieldChange'\n\t\t\t\t\t\tdata-wp-on--blur='actions.onFieldBlur'\n\t\t\t\t\t\tdata-wp-class--has-value='state.hasFieldValue'\n\t\t\t\t\t\taria-describedby='g17-votremessage-textarea-error-message'\n\t\t\t\t\t\tdata-wp-bind--aria-invalid='state.fieldAriaInvalid'\n\t\t\t\t\t\tclass='textarea  grunion-field'  required aria-required='true'><\/textarea>\n \n\t\t\t<div id=\"g17-votremessage-textarea-error\" class=\"contact-form__input-error\" data-wp-class--has-errors=\"state.fieldHasErrors\">\n\t\t\t\t<span class=\"contact-form__warning-icon\" aria-hidden=\"true\">\n\t\t\t\t\t<svg width=\"16\" height=\"16\" viewBox=\"0 0 16 16\" fill=\"none\" xmlns=\"http:\/\/www.w3.org\/2000\/svg\">\n\t\t\t\t\t\t<path d=\"M8.50015 11.6402H7.50015V10.6402H8.50015V11.6402Z\" \/>\n\t\t\t\t\t\t<path d=\"M7.50015 9.64018H8.50015V6.30684H7.50015V9.64018Z\" \/>\n\t\t\t\t\t\t<path fill-rule=\"evenodd\" clip-rule=\"evenodd\" d=\"M6.98331 3.0947C7.42933 2.30177 8.57096 2.30177 9.01698 3.09469L13.8771 11.7349C14.3145 12.5126 13.7525 13.4735 12.8602 13.4735H3.14004C2.24774 13.4735 1.68575 12.5126 2.12321 11.7349L6.98331 3.0947ZM8.14541 3.58496C8.08169 3.47168 7.9186 3.47168 7.85488 3.58496L2.99478 12.2251C2.93229 12.3362 3.01257 12.4735 3.14004 12.4735H12.8602C12.9877 12.4735 13.068 12.3362 13.0055 12.2251L8.14541 3.58496Z\" \/>\n\t\t\t\t\t<\/svg>\n\t\t\t\t<\/span>\n\t\t\t\t<span data-wp-text=\"state.errorMessage\" id=\"g17-votremessage-textarea-error-message\"><\/span>\n\t\t\t<\/div>\n\t<\/div>\n\n\t<p class='contact-submit'>\n<div class=\"contact-form__error\" data-wp-class--show-errors=\"state.showFormErrors\"><span class=\"contact-form__warning-icon\" aria-hidden=\"true\"><i><\/i><\/span><span class=\"contact-form__error-message\" tabindex=\"-1\" data-wp-watch=\"callbacks.focusOnValidationError\" data-wp-text=\"state.getFormErrorMessage\"><\/span><ul aria-label=\"Form errors\">\n\t\t\t\t<template data-wp-each=\"state.getErrorList\" data-wp-key=\"context.item.id\">\n\t\t\t\t\t<li><a data-wp-bind--href=\"context.item.anchor\" data-wp-on--click=\"actions.scrollIntoView\" data-wp-text=\"context.item.label\"><\/a><\/li>\n\t\t\t\t<\/template>\n\t\t\t\t<\/ul><\/div><div class=\"contact-form__error\" data-wp-class--show-errors=\"state.showSubmissionError\" data-wp-text=\"context.submissionError\" tabindex=\"-1\" data-wp-watch=\"callbacks.focusOnSubmissionError\"><\/div>\t\t<button type='submit' class='pushbutton-wide'>Envoyer<\/button>\t\t<input type='hidden' name='contact-form-id' value='17' \/>\n\t\t<input type='hidden' name='action' value='grunion-contact-form' \/>\n\t\t<input type='hidden' name='contact-form-hash' value='4fa7fe0ff94b9d3c31babc61ebe6395caba9dcf5' \/>\n\t<\/p>\n<p style=\"display: none !important;\" class=\"akismet-fields-container\" data-prefix=\"ak_\"><label>&#916;<textarea name=\"ak_hp_textarea\" cols=\"45\" rows=\"8\" maxlength=\"100\"><\/textarea><\/label><input type=\"hidden\" id=\"ak_js_1\" name=\"ak_js\" value=\"195\"\/><script>\ndocument.getElementById( \"ak_js_1\" ).setAttribute( \"value\", ( new Date() ).getTime() );\n<\/script>\n<\/p><\/form>\n<\/div>\n\n\n<div class=\"wp-block-image\"><figure class=\"aligncenter\"><img loading=\"lazy\" decoding=\"async\" width=\"640\" height=\"427\" src=\"https:\/\/2019.marseille.wordcamp.org\/files\/2019\/08\/37530322601_8c476114d5_z.jpg\" alt=\"\" class=\"wp-image-391\" srcset=\"https:\/\/marseille.wordcamp.org\/2019\/files\/2019\/08\/37530322601_8c476114d5_z.jpg 640w, https:\/\/marseille.wordcamp.org\/2019\/files\/2019\/08\/37530322601_8c476114d5_z-300x200.jpg 300w, https:\/\/marseille.wordcamp.org\/2019\/files\/2019\/08\/37530322601_8c476114d5_z-450x300.jpg 450w\" sizes=\"auto, (max-width: 640px) 100vw, 640px\" \/><figcaption>Nous sommes \u00e0 votre \u00e9coute<\/figcaption><\/figure><\/div>\n\n\n\n<p><\/p>\n","protected":false},"excerpt":{"rendered":"<p>Si vous avez des questions, des suggestions ou des remarques, n&rsquo;h\u00e9sitez pas \u00e0 nous envoyer un message. Nous vous r\u00e9pondrons d\u00e8s que possible.<\/p>\n","protected":false},"author":11478145,"featured_media":142,"parent":0,"menu_order":0,"comment_status":"closed","ping_status":"closed","template":"","meta":{"jetpack_post_was_ever_published":false,"_ef_editorial_meta_date_first-draft-date":"","_ef_editorial_meta_paragraph_assignment":"","_ef_editorial_meta_checkbox_needs-photo":"","_ef_editorial_meta_number_word-count":"","footnotes":""},"class_list":["post-17","page","type-page","status-publish","has-post-thumbnail","hentry","entry"],"jetpack_sharing_enabled":true,"_links":{"self":[{"href":"https:\/\/marseille.wordcamp.org\/2019\/wp-json\/wp\/v2\/pages\/17","targetHints":{"allow":["GET"]}}],"collection":[{"href":"https:\/\/marseille.wordcamp.org\/2019\/wp-json\/wp\/v2\/pages"}],"about":[{"href":"https:\/\/marseille.wordcamp.org\/2019\/wp-json\/wp\/v2\/types\/page"}],"author":[{"embeddable":true,"href":"https:\/\/marseille.wordcamp.org\/2019\/wp-json\/wp\/v2\/users\/11478145"}],"replies":[{"embeddable":true,"href":"https:\/\/marseille.wordcamp.org\/2019\/wp-json\/wp\/v2\/comments?post=17"}],"version-history":[{"count":6,"href":"https:\/\/marseille.wordcamp.org\/2019\/wp-json\/wp\/v2\/pages\/17\/revisions"}],"predecessor-version":[{"id":393,"href":"https:\/\/marseille.wordcamp.org\/2019\/wp-json\/wp\/v2\/pages\/17\/revisions\/393"}],"wp:featuredmedia":[{"embeddable":true,"href":"https:\/\/marseille.wordcamp.org\/2019\/wp-json\/wp\/v2\/media\/142"}],"wp:attachment":[{"href":"https:\/\/marseille.wordcamp.org\/2019\/wp-json\/wp\/v2\/media?parent=17"}],"curies":[{"name":"wp","href":"https:\/\/api.w.org\/{rel}","templated":true}]}}