{"id":12,"date":"2019-07-25T13:46:02","date_gmt":"2019-07-25T11:46:02","guid":{"rendered":"https:\/\/2019.marseille.wordcamp.org\/organizers\/"},"modified":"2019-11-25T22:25:16","modified_gmt":"2019-11-25T21:25:16","slug":"organisateurs%c2%b7trices","status":"publish","type":"page","link":"https:\/\/marseille.wordcamp.org\/2019\/organisateurs%c2%b7trices\/","title":{"rendered":"Organisateurs\u00b7trices"},"content":{"rendered":"\t<div class=\"wcorg-organizers\">\n\n\t\t\n\t\t\t<div class=\"wcorg-organizer\">\n\t\t\t\t<h2>Marzia Khelifa<\/h2>\n\t\t\t\t<div class=\"wcorg-organizer-description\">\n\t\t\t\t\t\t\t\t\t\t<img alt='' src='https:\/\/secure.gravatar.com\/avatar\/1ed0ef6c71104deb69292248798ad324f44cb583a5f5ce6218b46cd193204aa6?s=100&#038;d=mm&#038;r=g' srcset='https:\/\/secure.gravatar.com\/avatar\/1ed0ef6c71104deb69292248798ad324f44cb583a5f5ce6218b46cd193204aa6?s=200&#038;d=mm&#038;r=g 2x' class='avatar avatar-100 photo' height='100' width='100' \/>\t\t\t\t\t\n<p><strong>Communication<\/strong><\/p>\n\n\n\n<p> Cela fait 4 ans que Marzia utilise WordPress dans le cadre de son blog <a rel=\"noreferrer noopener\" target=\"_blank\" href=\"https:\/\/slack-redir.net\/link?url=http%3A%2F%2Fwww.abricotsetgingembre.com\">www.abricotsetgingembre.com<\/a> sans jamais oser franchir la porte d\u2019un Barcamp ou d\u2019un Meetup.<\/p>\n\n\n\n<p>Aujourd\u2019hui, c\u2019est un peu un r\u00eave qui se r\u00e9alise gr\u00e2ce \u00e0 la formidable rencontre avec Long Hai au cours de sa formation de R\u00e9f\u00e9rente digital &#8211; Simplon Paca &#8211;<br> Marzia est fi\u00e8re d\u2019\u00eatre co-organisatrice du wordCamp 2019 , elle a beaucoup de plaisir \u00e0 communiquer autour des oratrices et orateurs.<br>J\u2019ai appr\u00e9ci\u00e9 travailler avec des personnes volontaires et engag\u00e9es. Cette exp\u00e9rience restera comme une belle exp\u00e9rience humaine. <\/p>\n\t\t\t\t<\/div>\n\t\t\t<\/div>\n\n\t\t\n\t\t\t<div class=\"wcorg-organizer\">\n\t\t\t\t<h2>In\u00e8s Ben Hassine<\/h2>\n\t\t\t\t<div class=\"wcorg-organizer-description\">\n\t\t\t\t\t\t\t\t\t\t<img alt='' src='https:\/\/secure.gravatar.com\/avatar\/70e9e24fa413515da20c540d950a65569361d9396557dda4b951a0847e7bdf11?s=100&#038;d=mm&#038;r=g' srcset='https:\/\/secure.gravatar.com\/avatar\/70e9e24fa413515da20c540d950a65569361d9396557dda4b951a0847e7bdf11?s=200&#038;d=mm&#038;r=g 2x' class='avatar avatar-100 photo' height='100' width='100' \/>\t\t\t\t\t\n<p><strong>Communication &amp; design <\/strong><\/p>\n\n\n\n<p>Sp\u00e9cialiste en communication digitale et cr\u00e9atrice de communaut\u00e9 sur les r\u00e9seaux sociaux, In\u00e8s a tout de suite \u00e9t\u00e9 emball\u00e9e par l&rsquo;organisation du WordCamp car elle appr\u00e9cie l&rsquo;esprit d&rsquo;entraide de la communaut\u00e9 WordPress. <\/p>\n\n\n\n<p>Elle s&rsquo;est engag\u00e9e \u00e0 donner plus de visibilit\u00e9 \u00e0 l&rsquo;\u00e9v\u00e9nement en cr\u00e9ant le <a href=\"https:\/\/www.facebook.com\/WordCampMarseille\/\">Facebook<\/a> et <a href=\"https:\/\/www.linkedin.com\/company\/51686697\">Linkedin<\/a> du WordCamp Marseille et en proposant du contenu engageant et de qualit\u00e9 (cr\u00e9ation de posts\/ visuels \/photos). Le but \u00e9tait de rassembler la communaut\u00e9 sur ces pages et de pouvoir les r\u00e9utiliser pour les prochaines fois. \u2600\ufe0f<\/p>\n\n\n\n<p>Elle a aussi pris plaisir \u00e0 concevoir le motif du T-shirt, lui rappelant son pass\u00e9 de styliste.<\/p>\n\n\n\n<figure class=\"wp-block-image size-large\"><img loading=\"lazy\" decoding=\"async\" width=\"1024\" height=\"595\" src=\"https:\/\/2019.marseille.wordcamp.org\/files\/2019\/11\/pochette-surprise-1024x595.png\" alt=\"\" class=\"wp-image-1761\" srcset=\"https:\/\/marseille.wordcamp.org\/2019\/files\/2019\/11\/pochette-surprise-1024x595.png 1024w, https:\/\/marseille.wordcamp.org\/2019\/files\/2019\/11\/pochette-surprise-300x174.png 300w, https:\/\/marseille.wordcamp.org\/2019\/files\/2019\/11\/pochette-surprise-768x446.png 768w, https:\/\/marseille.wordcamp.org\/2019\/files\/2019\/11\/pochette-surprise-500x290.png 500w, https:\/\/marseille.wordcamp.org\/2019\/files\/2019\/11\/pochette-surprise.png 1500w\" sizes=\"auto, (max-width: 1024px) 100vw, 1024px\" \/><\/figure>\n\n\n\n<figure class=\"wp-block-image size-large\"><img loading=\"lazy\" decoding=\"async\" width=\"1024\" height=\"1024\" src=\"https:\/\/2019.marseille.wordcamp.org\/files\/2019\/11\/Pochette-WordCamp2019-1024x1024.png\" alt=\"\" class=\"wp-image-1762\" srcset=\"https:\/\/marseille.wordcamp.org\/2019\/files\/2019\/11\/Pochette-WordCamp2019-1024x1024.png 1024w, https:\/\/marseille.wordcamp.org\/2019\/files\/2019\/11\/Pochette-WordCamp2019-300x300.png 300w, https:\/\/marseille.wordcamp.org\/2019\/files\/2019\/11\/Pochette-WordCamp2019-150x150.png 150w, https:\/\/marseille.wordcamp.org\/2019\/files\/2019\/11\/Pochette-WordCamp2019-768x768.png 768w, https:\/\/marseille.wordcamp.org\/2019\/files\/2019\/11\/Pochette-WordCamp2019.png 1181w\" sizes=\"auto, (max-width: 1024px) 100vw, 1024px\" \/><\/figure>\n\n\n\n<p>Durant l&rsquo;\u00e9v\u00e9nement, In\u00e8s sera l\u00e0 pour photographier les plus beaux moments et les partager ensuite les r\u00e9seaux sociaux !\ud83e\udd33<\/p>\n\n\n\n<p>Phrase favorite : \u00a0\u00bb <em>Toute rencontre est une opportunit\u00e9<\/em>\u00ab\u00a0<\/p>\n\n\n\n<p>Retrouvez In\u00e8s sur <a href=\"https:\/\/www.linkedin.com\/in\/inesbenhassinecom\/\">LinkedIn<\/a><\/p>\n\t\t\t\t<\/div>\n\t\t\t<\/div>\n\n\t\t\n\t\t\t<div class=\"wcorg-organizer\">\n\t\t\t\t<h2>St\u00e9phanie Putaggio<\/h2>\n\t\t\t\t<div class=\"wcorg-organizer-description\">\n\t\t\t\t\t\t\t\t\t\t<img alt='' src='https:\/\/secure.gravatar.com\/avatar\/18a697d6f3c906d8ab9388bd8c155c5e27b34e654209dc1b371d1226c5a30e35?s=100&#038;d=mm&#038;r=g' srcset='https:\/\/secure.gravatar.com\/avatar\/18a697d6f3c906d8ab9388bd8c155c5e27b34e654209dc1b371d1226c5a30e35?s=200&#038;d=mm&#038;r=g 2x' class='avatar avatar-100 photo' height='100' width='100' \/>\t\t\t\t\t\n<p><strong>Gestion des Orateurs\/Oratrices et de la communication<\/strong><\/p>\n\n\n\n<p>Un brin curieuse, St\u00e9phanie a plusieurs centres d\u2019int\u00e9r\u00eat,\nnotamment les arts, le num\u00e9rique et la transmission. Apr\u00e8s 10 ans dans la\ncoordination de projets culturels et la sc\u00e9nographie d\u2019exposition, elle d\u00e9cide\nd\u2019acqu\u00e9rir de nouvelles comp\u00e9tences dans le domaine du num\u00e9rique. <\/p>\n\n\n\n<p>Elle int\u00e8gre pour 7 mois la formation \u00ab&nbsp;R\u00e9f\u00e9rent.e\nDigital&nbsp;\u00bb \u00e0 Simplon Marseille en mai 2019. Ce parcours \u00e0 pour but d\u2019identifier et de d\u00e9velopper des solutions num\u00e9riques au\nsein d&rsquo;une structure (site web, solutions e-commerce, webmarketing, outils\nd&rsquo;optimisation de la production,\u2026) et d\u2019accompagner les collaborateurs \u00e0\nl&rsquo;appropriation des solutions num\u00e9riques en s&rsquo;appuyant notamment sur les\nm\u00e9thodes agiles.<\/p>\n\n\n\n<p>Dans ce cadre, elle fait la rencontre de Long Ha\u00ef qui lui transmettra sa passion pour WordPress et sa communaut\u00e9.&nbsp; Participant \u00e0 son premier Meetup, elle se lance avec enthousiasme dans la co-organisation du WordCamp Marseille 2019. <\/p>\n\n\n\n<p>L\u2019acquisition de ces nouvelles comp\u00e9tences renforcent\nsa volont\u00e9 de valoriser les actions en m\u00e9diation culturelle (R\u00e9seau Med,\nMuseomix, conception d\u2019outils p\u00e9dagogiques,\u2026) et lui ouvrent de nouvelles\nopportunit\u00e9s professionnelles dans la communication digitale et le\nd\u00e9veloppement des entreprises. <\/p>\n\n\n\n<p>&nbsp;Anecdote\npersonnelle :<\/p>\n\n\n\n<blockquote class=\"wp-block-quote is-layout-flow wp-block-quote-is-layout-flow\"><p><em>J\u2019ai toujours \u00e9t\u00e9 stup\u00e9faite par la diff\u00e9rence de go\u00fbt entre le Babybel et le Babybel fondu au micro-onde. La vie est \u00e9tonnante&nbsp;!&nbsp;<\/em><br><\/p><\/blockquote>\n\n\n\n<p>Plus d&rsquo;info :<a href=\"https:\/\/fr.linkedin.com\/in\/stephanieputaggio\">https:\/\/fr.linkedin.com\/in\/stephanieputaggio<\/a><\/p>\n\t\t\t\t<\/div>\n\t\t\t<\/div>\n\n\t\t\n\t\t\t<div class=\"wcorg-organizer\">\n\t\t\t\t<h2>Amaury Patris<\/h2>\n\t\t\t\t<div class=\"wcorg-organizer-description\">\n\t\t\t\t\t\t\t\t\t\t<img alt='' src='https:\/\/secure.gravatar.com\/avatar\/6a4be8c1985d9113ec8c78fedeb6278a92f6fd2851f6e858107ecab73662cac1?s=100&#038;d=mm&#038;r=g' srcset='https:\/\/secure.gravatar.com\/avatar\/6a4be8c1985d9113ec8c78fedeb6278a92f6fd2851f6e858107ecab73662cac1?s=200&#038;d=mm&#038;r=g 2x' class='avatar avatar-100 photo' height='100' width='100' \/>\t\t\t\t\t\n<p><strong>Sponsors et restauration<\/strong><\/p>\n\n\n\n<p>Apr\u00e8s des ann\u00e9es dans la restauration, Amaury \u00e0 d\u00e9cid\u00e9 de franchir le pas et de se reconvertir en tant que d\u00e9veloppeur web et mobile. Chemin un peu compliqu\u00e9 car aucuns financement possible, du coup tout a \u00e9t\u00e9 fait en auto-didacte.<\/p>\n\n\n\n<p>Apr\u00e8s quelques mois de formation, Amaury a d\u00e9cid\u00e9 de lancer \u00ab\u00a0<em><a href=\"https:\/\/mrfox.fr\">Mr Fox<\/a><\/em>  \u00ab\u00a0, aid\u00e9 par une couveuse d&rsquo;entreprise pour toutes les d\u00e9marches juridique comme comptable.<\/p>\n\n\n\n<p>Aujourd&rsquo;hui cela fait bient\u00f4t 1 an qu&rsquo;Amaury est freelance et se r\u00e9gale toujours d&rsquo;en apprendre sur le web.<\/p>\n\n\n\n<p>Amaury a commenc\u00e9 a participer aux meetups Marseille en Mai 2019, a ce moment il a rencontr\u00e9 Long Ha\u00ef. Plusieurs mois sont pass\u00e9s et quand l&rsquo;id\u00e9e d&rsquo;un WordCamp est arriv\u00e9 sur la table, sans h\u00e9siter il a fonc\u00e9 !<\/p>\n\n\n\n<p>Maintenant Amaury est d\u00e9veloppeur, formateur et organisateur de BarCamp sur Marseille.<\/p>\n\n\n\n<p>Anecdote personnelle : <\/p>\n\n\n\n<blockquote class=\"wp-block-quote is-layout-flow wp-block-quote-is-layout-flow\"><p>Quand j&rsquo;\u00e9tais petit je confondais les vaches et les girafes ainsi que les cerises et les fraises.<\/p><\/blockquote>\n\n\n\n<p>Retrouvez Amaury sur <a href=\"https:\/\/www.linkedin.com\/in\/amaury-patris-d%C3%A9veloppeur-web-76b307124\/\">LinkedIn<\/a>.<\/p>\n\t\t\t\t<\/div>\n\t\t\t<\/div>\n\n\t\t\n\t\t\t<div class=\"wcorg-organizer\">\n\t\t\t\t<h2>Long Ha\u00ef Le Huynh<\/h2>\n\t\t\t\t<div class=\"wcorg-organizer-description\">\n\t\t\t\t\t\t\t\t\t\t<img alt='' src='https:\/\/secure.gravatar.com\/avatar\/b0f3f3111d9c877a4478cffeaeb856a0182768cc0b9b60571b61484a649f00b6?s=100&#038;d=mm&#038;r=g' srcset='https:\/\/secure.gravatar.com\/avatar\/b0f3f3111d9c877a4478cffeaeb856a0182768cc0b9b60571b61484a649f00b6?s=200&#038;d=mm&#038;r=g 2x' class='avatar avatar-100 photo' height='100' width='100' \/>\t\t\t\t\t\n<p><strong>Lead sur l&rsquo;organisation du WordCamp<\/strong><\/p>\n\n\n\n<p>D\u00e8s les ann\u00e9es 80, Long Hai a attrap\u00e9 le virus de l\u2019informatique. C\u2019est sur un amstrad-cpc-464 qu\u2019il commence \u00e0 \u00e9crire des programmes en Basic. Vers la fin du 20\u00e8 si\u00e8cle (et avec quelques langages de plus) il devient dipl\u00f4m\u00e9 ing\u00e9nieur logiciel de l\u2019Ensimag (et aussi d\u2019un Dea imagerie vision robotique\u2026 pour fabriquer des robots intelligents dans un futur proche\u2026)<\/p>\n\n\n\n<p>Il y a 20 ans, il travaillait comme d\u00e9veloppeur sur des syst\u00e8mes d\u2019information critiques, qui s\u2019appuient sur les technologies web.<\/p>\n\n\n\n<p>Il y a 10 ans, il devient freelance dans le domaine du web et choisit WordPress comme CMS pour cr\u00e9er des sites internet.<\/p>\n\n\n\n<p>Depuis 5 ans, Long Hai forme des d\u00e9veloppeurs web dans la Grande Ecole du Num\u00e9rique. Et il participe aussi \u00e0 l\u2019organisation de Meetup et de WordCamp.<\/p>\n\n\n\n<p>Dans le monde r\u00e9el, il aime voyager pour d\u00e9couvrir de nouvelles cultures. Et aussi rencontrer des citoyens curieux et ouverts, toujours pour partager de bons moments<\/p>\n\t\t\t\t<\/div>\n\t\t\t<\/div>\n\n\t\t\n\t\t\t<div class=\"wcorg-organizer\">\n\t\t\t\t<h2>Jeanne Millet<\/h2>\n\t\t\t\t<div class=\"wcorg-organizer-description\">\n\t\t\t\t\t\t\t\t\t\t<img alt='' src='https:\/\/secure.gravatar.com\/avatar\/76d05299da8b3bcf0abd3184229966ca5dc4f1aa2ade053f5ec898339a3ab9fc?s=100&#038;d=mm&#038;r=g' srcset='https:\/\/secure.gravatar.com\/avatar\/76d05299da8b3bcf0abd3184229966ca5dc4f1aa2ade053f5ec898339a3ab9fc?s=200&#038;d=mm&#038;r=g 2x' class='avatar avatar-100 photo' height='100' width='100' \/>\t\t\t\t\t\n<p><strong> Communication web et r\u00e9seaux sociaux <\/strong><\/p>\n\n\n\n<p> Plong\u00e9e dans le web depuis 15 ans, Jeanne a travaill\u00e9 en agence web  comme chef de projet puis s\u2019est install\u00e9e \u00e0 son compte. Apr\u00e8s quelques  essais avec des plateformes grand public, elle a d\u00e9couvert WordPress en  2016 et a pu proposer des sites professionnels \u00e0 ses clients. Elle est  install\u00e9e entre Aix-en-Provence et Marseille.<\/p>\n\n\n\n<p>Jeanne a particip\u00e9 \u00e0 son premier WordCamp \u00e0 Marseille en 2017 et y a d\u00e9couvert  une communaut\u00e9 tr\u00e8s accueillante. Elle a assist\u00e9 au WordCamp Nice en  2018 et est mont\u00e9e \u00e0 la capitale en 2019 pour suivre le WordCamp Paris.\u00a0<\/p>\n\n\n\n<p>Elle est aujourd\u2019hui membre de l\u2019organisation du WordCamp Marseille 2019 (compte Twitter notamment) et oratrice \u00e0 ce m\u00eame WordCamp (<a href=\"https:\/\/2019.marseille.wordcamp.org\/speaker\/jeanne-millet\/\">https:\/\/2019.marseille.wordcamp.org\/speaker\/jeanne-millet\/<\/a>)<\/p>\n\n\n\n<blockquote class=\"wp-block-quote is-layout-flow wp-block-quote-is-layout-flow\"><p>Mantra : N\u2019oublions jamais l\u2019utilisateur.&nbsp; <\/p><\/blockquote>\n\t\t\t\t<\/div>\n\t\t\t<\/div>\n\n\t\t\n\t\t\t<div class=\"wcorg-organizer\">\n\t\t\t\t<h2>Mathieu Viet<\/h2>\n\t\t\t\t<div class=\"wcorg-organizer-description\">\n\t\t\t\t\t\t\t\t\t\t<img alt='' src='https:\/\/secure.gravatar.com\/avatar\/31b3c1a05559fa8d6432e64ec1ba2884047ed82589c42201d9df8a49eb5391f3?s=100&#038;d=mm&#038;r=g' srcset='https:\/\/secure.gravatar.com\/avatar\/31b3c1a05559fa8d6432e64ec1ba2884047ed82589c42201d9df8a49eb5391f3?s=200&#038;d=mm&#038;r=g 2x' class='avatar avatar-100 photo' height='100' width='100' \/>\t\t\t\t\t\n<p><strong>Mentor sur l&rsquo;organisation du WordCamp Marseille<\/strong><\/p>\n\n\n\n<p> Mathieu Viet (\u201cimath\u201d), est un \u201chobbyist\u201d de WordPress depuis tout juste 10 ans. Il s&rsquo;occupe des responsabilit\u00e9s en mati\u00e8re de gestion des risques et de contr\u00f4le interne au sein d\u2019une grande entreprise dans sa vie professionnelle.<\/p>\n\n\n\n<p>Il a commenc\u00e9 \u00e0 c\u00f4toyer WordPress pour r\u00e9pondre \u00e0 une probl\u00e9matique professionnelle lorsque il \u00e9tait en charge de l&rsquo;innovation participative de cette entreprise.<br>Depuis, il est tomb\u00e9 sous le charme de sa communaut\u00e9 et de ses valeurs. Apr\u00e8s avoir assembl\u00e9 des extensions et bricol\u00e9 un th\u00e8me pour r\u00e9pondre \u00e0 ce premier besoin, Mathieu \u00e0 mis \u00e0 profit son auto-formation aux langages du Web open source pour cr\u00e9er des extensions. Il continue de cr\u00e9er pour le plaisir de nouvelles extensions d\u00e9s qu\u2019une id\u00e9e lui traverse l\u2019esprit. Pour animer la communaut\u00e9 d&rsquo;innovatrice et d\u2019innovateurs qui utilisaient ce premier WordPress, il s&rsquo;est tourn\u00e9 vers BuddyPress et a \u00e9largi ses comp\u00e9tences pour concevoir des extensions communautaires. Concevoir des extensions lui a permis de contribuer \u00e0 WordPress et surtout \u00e0 BuddyPress.<\/p>\n\n\n\n<p>En 2013, il a partag\u00e9 son exp\u00e9rience sur le projet d\u2019utilisation de WordPress comme solution d\u2019animation d\u2019un dispositif d\u2019innovation participative en donnant une conf\u00e9rence sur BuddyPress \u00e0 l\u2019occasion du WordCamp de Paris. Cela lui a permis de nouer des contacts avec la communaut\u00e9 locale et de se faire de nouveaux amis. Avec eux ils ont fortement particip\u00e9 \u00e0 d\u00e9velopper les meetups parisiens. En 2014, il a int\u00e9gr\u00e9 l\u2019\u00e9quipe de d\u00e9veloppement de BuddyPress et demeure toujours un de ses membres actifs \u00e0 ce jour. Mathieu a \u00e9galement particip\u00e9 \u00e0 l&rsquo;\u00e9vang\u00e9lisation de BuddyPress en animant des ateliers ou en intervenant aux WordCamps de Lyon, d\u2019Anvers en Belgique ainsi qu\u2019au BuddyCamp de Brighton en Angleterre. En 2017, il a particip\u00e9 \u00e0 l&rsquo;organisation de la journ\u00e9e de contribution du WordCamp Europe. En 2018 et en 2019, il a coordonn\u00e9 l&rsquo;organisation du WordCamp de Paris.\u00a0<\/p>\n\n\n\n<p><br>Depuis juillet 2019, il est membre de l&rsquo;\u00e9quipe communautaire de WordPress en tant que \u201cdeputy\u201d. Un de ses r\u00f4les est notamment d&rsquo;accompagner les organisateurs de WordCamp dans leurs travaux de pr\u00e9paration et c\u2019est pr\u00e9cis\u00e9ment ce qu&rsquo;il a fait pour le WordCamp de Marseille de cette ann\u00e9e qui s\u2019annonce fantastique.<br>Vous pouvez suivre ses travaux personnels en parcourant mon blog sur <a rel=\"noreferrer noopener\" target=\"_blank\" href=\"https:\/\/imathi.eu\">https:\/\/imathi.eu<\/a>. <\/p>\n\n\n\n<p>Pour terminer, Mathieu vous invite \u00e0 contribuer \u00e0 WordPress autant que vous pouvez car c\u2019est le meilleur moyen d\u2019apprendre \u00e0 ma\u00eetriser ce logiciel et de rencontrer des personnes formidables. <\/p>\n\t\t\t\t<\/div>\n\t\t\t<\/div>\n\n\t\t\n\t\t\t<div class=\"wcorg-organizer\">\n\t\t\t\t<h2>Julian Bonnesset<\/h2>\n\t\t\t\t<div class=\"wcorg-organizer-description\">\n\t\t\t\t\t\t\t\t\t\t<img alt='' src='https:\/\/secure.gravatar.com\/avatar\/55f6333966b532e695603cc5d25639e3e78c49a48a2a4596066d8c535ff9a915?s=100&#038;d=mm&#038;r=g' srcset='https:\/\/secure.gravatar.com\/avatar\/55f6333966b532e695603cc5d25639e3e78c49a48a2a4596066d8c535ff9a915?s=200&#038;d=mm&#038;r=g 2x' class='avatar avatar-100 photo' height='100' width='100' \/>\t\t\t\t\t\n<p><strong>Gestion des sponsors<\/strong><\/p>\n\n\n\n<p>Passionn\u00e9 par le domaine informatique depuis sa pr\u00e9-adolescence, de la bidouille physique de machine en passant par le d\u00e9veloppement, il a fait de celui-ci sa profession pendant 5 ans, avant de revenir vers son premier amour qui est le travail social. Toujours passionn\u00e9, il milite activement pour la promotion des Logiciels Libres &amp; Open-Source dans une association sur Aix-en-Provence, et\/ou lors de diverses conf\u00e9rences.<\/p>\n\n\n\n<p>Utilisateur WordPress depuis bient\u00f4t 7 ans, contributeur occasionnel sur la traduction, et depuis plus de 3 ans investit dans la communaut\u00e9 :<\/p>\n\n\n\n<ul class=\"wp-block-list\"><li>1er Barcamp avec le Meetup AixPress le 27 Avril 2016<\/li><li>Premi\u00e8re participation \u00e0 un WordCamp en 2017 \u00e0 Marseille<\/li><li>Premier volontariat au WordCamp Nice en 2018&nbsp;<\/li><li>Co-organisateur du Meetup d\u2019Aix-en-Provence depuis fin 2018<\/li><li>Et maintenant membre de l\u2019organisation de ce WordCamp Marseille Mill\u00e9sime 2019<\/li><\/ul>\n\n\n\n<p>Anecdote personnelle :<\/p>\n\n\n\n<p><em>\u00ab\u00a0J&rsquo;aime les films qui ne traite pas de cyclisme\u00a0\u00bb<\/em><\/p>\n\t\t\t\t<\/div>\n\t\t\t<\/div>\n\n\t\t\n\t<\/div><!-- .wcorg-organizers -->\n\t\n","protected":false},"excerpt":{"rendered":"","protected":false},"author":11478145,"featured_media":0,"parent":0,"menu_order":0,"comment_status":"closed","ping_status":"closed","template":"","meta":{"jetpack_post_was_ever_published":false,"_ef_editorial_meta_date_first-draft-date":"","_ef_editorial_meta_paragraph_assignment":"","_ef_editorial_meta_checkbox_needs-photo":"","_ef_editorial_meta_number_word-count":"","footnotes":""},"class_list":["post-12","page","type-page","status-publish","hentry","entry"],"jetpack_sharing_enabled":true,"_links":{"self":[{"href":"https:\/\/marseille.wordcamp.org\/2019\/wp-json\/wp\/v2\/pages\/12","targetHints":{"allow":["GET"]}}],"collection":[{"href":"https:\/\/marseille.wordcamp.org\/2019\/wp-json\/wp\/v2\/pages"}],"about":[{"href":"https:\/\/marseille.wordcamp.org\/2019\/wp-json\/wp\/v2\/types\/page"}],"author":[{"embeddable":true,"href":"https:\/\/marseille.wordcamp.org\/2019\/wp-json\/wp\/v2\/users\/11478145"}],"replies":[{"embeddable":true,"href":"https:\/\/marseille.wordcamp.org\/2019\/wp-json\/wp\/v2\/comments?post=12"}],"version-history":[{"count":3,"href":"https:\/\/marseille.wordcamp.org\/2019\/wp-json\/wp\/v2\/pages\/12\/revisions"}],"predecessor-version":[{"id":1773,"href":"https:\/\/marseille.wordcamp.org\/2019\/wp-json\/wp\/v2\/pages\/12\/revisions\/1773"}],"wp:attachment":[{"href":"https:\/\/marseille.wordcamp.org\/2019\/wp-json\/wp\/v2\/media?parent=12"}],"curies":[{"name":"wp","href":"https:\/\/api.w.org\/{rel}","templated":true}]}}