{"id":111,"date":"2019-07-26T07:55:10","date_gmt":"2019-07-26T07:55:10","guid":{"rendered":"https:\/\/2019.marseille.wordcamp.org\/?page_id=111"},"modified":"2019-10-30T00:13:13","modified_gmt":"2019-10-29T23:13:13","slug":"accueil","status":"publish","type":"page","link":"https:\/\/marseille.wordcamp.org\/2019\/","title":{"rendered":"Bienvenue"},"content":{"rendered":"\n<hr class=\"wp-block-separator\" \/>\n\n\n\n<p style=\"text-align:left\" class=\"margin_0\">Le <strong>WordCamp Marseille 2019<\/strong><br>se d\u00e9roulera le <strong>vendredi 29 novembre<\/strong><\/p>\n\n\n\n<p class=\"margin_0\">Pour cette journ\u00e9e de conf\u00e9rences, nous vous invitons \u00e0 <a rel=\"noreferrer noopener\" aria-label=\"l'EMD Ecole de Management, (opens in a new tab)\" href=\"http:\/\/www.emd-management.fr\/fr\/\" target=\"_blank\">l&rsquo;<\/a><strong><a rel=\"noreferrer noopener\" aria-label=\"l'EMD Ecole de Management, (opens in a new tab)\" href=\"http:\/\/www.emd-management.fr\/fr\/\" target=\"_blank\">EMD Ecole de Management<\/a><\/strong><a rel=\"noreferrer noopener\" aria-label=\"l'EMD Ecole de Management, (opens in a new tab)\" href=\"http:\/\/www.emd-management.fr\/fr\/\" target=\"_blank\">,<\/a> Marseille (France)<\/p>\n\n\n\n<p>Cette ann\u00e9e, nous aurons 16 conf\u00e9rences\/ateliers r\u00e9parties sur 2 salles. Retrouvez la liste compl\u00e8te des conf\u00e9rences\/ateliers sur <a href=\"https:\/\/2019.marseille.wordcamp.org\/programme\/\">la page du programme<\/a>. 6 oratrices et 10 orateurs (r\u00e9gionaux, nationaux et m\u00eame internationaux&#8230;) nous font l&rsquo;honneur de venir partager leur expertise autour de WordPress.<br><br>C&rsquo;est une occasion unique pour les membres de la communaut\u00e9 WordPress dans le Sud de la France pour se rencontrer et \u00e9changer autour du CMS WordPress.<br><br>En 2017, nous \u00e9tions plus de 220 participants. Pour 2019, nous avons pr\u00e9vu de pouvoir accueillir encore plus de monde.<\/p>\n\n\n\n<p style=\"text-align:left\"><a href=\"https:\/\/twitter.com\/WCMarseille\">Suivez-nous sur Twitter<\/a><\/p>\n\n\n\n<hr class=\"wp-block-separator\" \/>\n\n\n\n<ul class=\"wp-block-list\"><li><em>La billetterie est maintenant ouverte<strong> <\/strong>et le ticket est au prix de 20 euros.<\/em><\/li><li><em>(des r\u00e9ductions seront disponibles si vous \u00eates \u00e9tudiants ou en recherche d&#8217;emploi&#8230;)<\/em><\/li><li><a href=\"https:\/\/2019.marseille.wordcamp.org\/tickets\/\">Cliquez ici pour acheter votre billet pour le Vendredi 29 Novembre<\/a><\/li><\/ul>\n\n\n\n<div class=\"wp-block-image\"><figure class=\"aligncenter\"><a href=\"https:\/\/2019.marseille.wordcamp.org\/tickets\/\"><img loading=\"lazy\" decoding=\"async\" width=\"600\" height=\"600\" src=\"https:\/\/2019.marseille.wordcamp.org\/files\/2019\/10\/banniere-participant-600x600.jpg\" alt=\"\" class=\"wp-image-1113\" srcset=\"https:\/\/marseille.wordcamp.org\/2019\/files\/2019\/10\/banniere-participant-600x600.jpg 600w, https:\/\/marseille.wordcamp.org\/2019\/files\/2019\/10\/banniere-participant-600x600-150x150.jpg 150w, https:\/\/marseille.wordcamp.org\/2019\/files\/2019\/10\/banniere-participant-600x600-300x300.jpg 300w\" sizes=\"auto, (max-width: 600px) 100vw, 600px\" \/><\/a><figcaption>participante\/participant<\/figcaption><\/figure><\/div>\n\n\n\n<hr class=\"wp-block-separator\" \/>\n\n\n\n<p><strong>Vous d\u00e9couvrez la communaut\u00e9 WordPress ?<\/strong><\/p>\n\n\n\n<p> Si vous voulez en savoir plus sur les WordCamps, nous vous invitons \u00e0 lire cet article de Lycia: <\/p>\n\n\n\n<figure class=\"wp-block-embed-wordpress aligncenter wp-block-embed is-type-wp-embed is-provider-la-webeuse\"><div class=\"wp-block-embed__wrapper\">\nhttps:\/\/la-webeuse.com\/wordcamp\/\n<\/div><figcaption>article de Lycia Diaz<\/figcaption><\/figure>\n\n\n\n<p>\nEt nous vous recommandons aussi de lire <a href=\"https:\/\/2019.marseille.wordcamp.org\/charte-des-wordcamps\/\">la Charte des WordCamps<\/a> ainsi que le <a href=\"https:\/\/2019.marseille.wordcamp.org\/code-of-conduct\/\">Code de Conduite<\/a>.\n\n<\/p>\n\n\n\n<p>\nEn attendant le WordCamp Marseille, fin novembre, nous vous invitons aussi \u00e0 venir nous rencontrer aux <strong>meetups <\/strong>qui sont r\u00e9guli\u00e8rement organis\u00e9s sur <strong>Marseille<\/strong>, <strong>Aix-en-provence<\/strong> et <strong>Nice<\/strong>.\n\n<\/p>\n\n\n\n<ul class=\"wp-block-list\"><li> <a href=\"https:\/\/www.meetup.com\/fr-FR\/Marseille-WordPress-Meetup\/\">https:\/\/www.meetup.com\/fr-FR\/Marseille-WordPress-Meetup\/<\/a> <\/li><li> <a href=\"https:\/\/www.meetup.com\/fr-FR\/Meetup-WordPress-Aix-en-Provence\/\">https:\/\/www.meetup.com\/fr-FR\/Meetup-WordPress-Aix-en-Provence\/<\/a> <\/li><li> <a href=\"https:\/\/www.meetup.com\/fr-FR\/wordpress-in-nice\/\">https:\/\/www.meetup.com\/fr-FR\/wordpress-in-nice\/<\/a> <\/li><\/ul>\n\n\n\n<hr class=\"wp-block-separator\" \/>\n\n\n\n<p><strong>Devenez Sponsors<\/strong><\/p>\n\n\n\n<p>L&rsquo;appel \u00e0 nos g\u00e9n\u00e9reux sponsors est maintenant ouvert: <strong><a href=\"https:\/\/2019.marseille.wordcamp.org\/devenez-sponsor\/\">cliquez ici pour remplir le formulaire et devenir un sponsor<\/a><\/strong>.<\/p>\n\n\n\n<div class=\"wp-block-cover alignfull has-background-dim-80 has-dark-gray-background-color has-background-dim has-parallax\" style=\"background-image:url(https:\/\/2019.marseille.wordcamp.org\/files\/2019\/08\/36820444214_4962eca70f_k.jpg)\"><div class=\"wp-block-cover__inner-container is-layout-flow wp-block-cover-is-layout-flow\">\n<p style=\"text-align:center\" class=\"has-large-font-size\"><strong><a href=\"https:\/\/2019.marseille.wordcamp.org\/devenez-sponsor\/\">Merci \u00e0 nos Sponsors 2017 et 2018<\/a><\/strong><\/p>\n<\/div><\/div>\n\n\n\n<hr class=\"wp-block-separator\" \/>\n\n\n\n<p><strong>Devenez Oratrice \/ Orateur<\/strong><\/p>\n\n\n\n<p>L&rsquo;appel aux propositions de conf\u00e9rences et ateliers est maintenant termin\u00e9. <\/p>\n\n\n\n<ol class=\"wp-block-list\"><li>Lisez d&rsquo;abord cet article pour en savoir plus: <a href=\"https:\/\/2019.marseille.wordcamp.org\/dans-3-mois-le-wordcamp-marseille\/\">cliquer ici pour lire l&rsquo;article<\/a> <\/li><li>Et ensuite remplissez le formulaire pour nous <a href=\"https:\/\/2019.marseille.wordcamp.org\/devenez-oratrice-orateur\/\">envoyer votre proposition<\/a> (maintenant clos pour 2019)<\/li><\/ol>\n\n\n\n<p>Souvenez-vous des conf\u00e9rences 2018 et 2017<\/p>\n\n\n\n<ul class=\"wp-block-list\"><li>au WordCamp Nice 2018.  <a href=\"https:\/\/wordpress.tv\/event\/wordcamp-nice-2018\/\">Cliquez ici pour revoir les conf\u00e9rences 2018 sur WordPress.tv<\/a> <\/li><li>au WordCamp Marseille 2017. <a href=\"https:\/\/wordpress.tv\/event\/wordcamp-marseille-2017\/\">Cliquez ici pour revoir les conf\u00e9rences 2017 sur WordPress.tv<\/a><\/li><\/ul>\n\n\n\n<figure class=\"wp-block-embed-wordpress-tv aligncenter wp-block-embed is-type-video wp-embed-aspect-16-9 wp-has-aspect-ratio\"><div class=\"wp-block-embed__wrapper\">\n<iframe title=\"VideoPress Video Player\" aria-label='VideoPress Video Player' width='640' height='360' src='https:\/\/video.wordpress.com\/embed\/U2mCuXjF?hd=1&amp;cover=1' frameborder='0' allowfullscreen allow='clipboard-write'><\/iframe><script src='https:\/\/v0.wordpress.com\/js\/next\/videopress-iframe.js?m=1674852142'><\/script>\n<\/div><\/figure>\n\n\n\n<figure class=\"wp-block-image alignfull\"><img loading=\"lazy\" decoding=\"async\" width=\"1852\" height=\"320\" src=\"https:\/\/2019.marseille.wordcamp.org\/files\/2019\/08\/MARSEILLE-3.png\" alt=\"vieux port de marseille\" class=\"wp-image-226\" srcset=\"https:\/\/marseille.wordcamp.org\/2019\/files\/2019\/08\/MARSEILLE-3.png 1852w, https:\/\/marseille.wordcamp.org\/2019\/files\/2019\/08\/MARSEILLE-3-300x52.png 300w, https:\/\/marseille.wordcamp.org\/2019\/files\/2019\/08\/MARSEILLE-3-768x133.png 768w, https:\/\/marseille.wordcamp.org\/2019\/files\/2019\/08\/MARSEILLE-3-1024x177.png 1024w, https:\/\/marseille.wordcamp.org\/2019\/files\/2019\/08\/MARSEILLE-3-500x86.png 500w, https:\/\/marseille.wordcamp.org\/2019\/files\/2019\/08\/MARSEILLE-3-1568x271.png 1568w\" sizes=\"auto, (max-width: 1852px) 100vw, 1852px\" \/><\/figure>\n","protected":false},"excerpt":{"rendered":"<p>Le WordCamp Marseille 2019se d\u00e9roulera le vendredi 29 novembre Pour cette journ\u00e9e de conf\u00e9rences, nous vous invitons \u00e0 l&rsquo;EMD Ecole de Management, Marseille (France) Cette ann\u00e9e, nous aurons 16 conf\u00e9rences\/ateliers r\u00e9parties sur 2 salles. Retrouvez la liste compl\u00e8te des conf\u00e9rences\/ateliers sur la page du programme. 6 oratrices et 10 orateurs (r\u00e9gionaux, nationaux et m\u00eame internationaux&#8230;) &hellip; <\/p>\n<p class=\"link-more\"><a href=\"https:\/\/marseille.wordcamp.org\/2019\/\" class=\"more-link\">Continuer la lecture <span class=\"screen-reader-text\"> \u00ab\u00a0Bienvenue\u00a0\u00bb<\/span><\/a><\/p>\n","protected":false},"author":11478145,"featured_media":142,"parent":0,"menu_order":0,"comment_status":"closed","ping_status":"closed","template":"","meta":{"jetpack_post_was_ever_published":false,"_ef_editorial_meta_date_first-draft-date":"","_ef_editorial_meta_paragraph_assignment":"","_ef_editorial_meta_checkbox_needs-photo":"","_ef_editorial_meta_number_word-count":"","footnotes":""},"class_list":["post-111","page","type-page","status-publish","has-post-thumbnail","hentry","entry"],"jetpack_sharing_enabled":true,"_links":{"self":[{"href":"https:\/\/marseille.wordcamp.org\/2019\/wp-json\/wp\/v2\/pages\/111","targetHints":{"allow":["GET"]}}],"collection":[{"href":"https:\/\/marseille.wordcamp.org\/2019\/wp-json\/wp\/v2\/pages"}],"about":[{"href":"https:\/\/marseille.wordcamp.org\/2019\/wp-json\/wp\/v2\/types\/page"}],"author":[{"embeddable":true,"href":"https:\/\/marseille.wordcamp.org\/2019\/wp-json\/wp\/v2\/users\/11478145"}],"replies":[{"embeddable":true,"href":"https:\/\/marseille.wordcamp.org\/2019\/wp-json\/wp\/v2\/comments?post=111"}],"version-history":[{"count":95,"href":"https:\/\/marseille.wordcamp.org\/2019\/wp-json\/wp\/v2\/pages\/111\/revisions"}],"predecessor-version":[{"id":1395,"href":"https:\/\/marseille.wordcamp.org\/2019\/wp-json\/wp\/v2\/pages\/111\/revisions\/1395"}],"wp:featuredmedia":[{"embeddable":true,"href":"https:\/\/marseille.wordcamp.org\/2019\/wp-json\/wp\/v2\/media\/142"}],"wp:attachment":[{"href":"https:\/\/marseille.wordcamp.org\/2019\/wp-json\/wp\/v2\/media?parent=111"}],"curies":[{"name":"wp","href":"https:\/\/api.w.org\/{rel}","templated":true}]}}