{"id":11,"date":"2019-07-25T13:46:02","date_gmt":"2019-07-25T11:46:02","guid":{"rendered":"https:\/\/2019.marseille.wordcamp.org\/location\/"},"modified":"2019-11-21T00:20:51","modified_gmt":"2019-11-20T23:20:51","slug":"infos-pratiques","status":"publish","type":"page","link":"https:\/\/marseille.wordcamp.org\/2019\/infos-pratiques\/","title":{"rendered":"Infos Pratiques"},"content":{"rendered":"\n<p>Le d\u00e9roulement de la journ\u00e9e \u00e0 l&rsquo;EMD<\/p>\n\n\n\n<ul class=\"wp-block-list\"><li>08H45 accueil des participants et ouverture du WordCamp<\/li><li>13H15 pause d\u00e9jeuner (inclus dans votre ticket)<\/li><li>18H15 cl\u00f4ture du WordCamp<\/li><\/ul>\n\n\n\n<p>Et ce n&rsquo;est pas fini !<\/p>\n\n\n\n<ul class=\"wp-block-list\"><li>19H30 soir\u00e9e conviviale au <a href=\"http:\/\/www.dandyo-marseille.com\/\">DandyO <\/a>(\u00e0 c\u00f4t\u00e9 du nouveau cin\u00e9ma Joliette)<\/li><li><em>(la participation \u00e0 la soir\u00e9e est aussi incluse dans votre ticket)<\/em><\/li><\/ul>\n\n\n\n<div class=\"wp-block-columns has-2-columns is-layout-flex wp-container-core-columns-is-layout-9d6595d7 wp-block-columns-is-layout-flex\">\n<div class=\"wp-block-column is-layout-flow wp-block-column-is-layout-flow\">\n<div class=\"wp-block-cover aligncenter has-background-dim\" style=\"background-image:url(https:\/\/2019.marseille.wordcamp.org\/files\/2019\/08\/jb-audras.jpg);background-position:26.59642092093894% 61.72411688442888%\"><div class=\"wp-block-cover__inner-container is-layout-flow wp-block-cover-is-layout-flow\">\n<p class=\"has-text-align-center has-large-font-size\">fi\u00e8rement propuls\u00e9 par WordPress<\/p>\n<\/div><\/div>\n<\/div>\n\n\n\n<div class=\"wp-block-column is-layout-flow wp-block-column-is-layout-flow\">\n<div class=\"wp-block-cover has-background-dim\" style=\"background-image:url(https:\/\/2019.marseille.wordcamp.org\/files\/2019\/08\/soiree-wordcamp-2018.jpg)\"><div class=\"wp-block-cover__inner-container is-layout-flow wp-block-cover-is-layout-flow\">\n<p class=\"has-text-align-center has-large-font-size\">un WordCamp Sud j&rsquo;y vais les yeux ferm\u00e9s <\/p>\n<\/div><\/div>\n\n\n\n<p><\/p>\n<\/div>\n<\/div>\n\n\n\n<div class=\"wp-block-cover has-background-dim\" style=\"background-image:url(https:\/\/2019.marseille.wordcamp.org\/files\/2019\/08\/team-nice-2018.jpg);background-position:59.31531493015553% 56.89653067753233%\"><div class=\"wp-block-cover__inner-container is-layout-flow wp-block-cover-is-layout-flow\">\n<p class=\"has-text-align-center has-large-font-size\"><\/p>\n<\/div><\/div>\n\n\n\n<hr class=\"wp-block-separator\" \/>\n\n\n\n<h3 class=\"wp-block-heading\">Le lieu des conf\u00e9rences: EMD<\/h3>\n\n\n\n<figure class=\"wp-block-gallery columns-3 is-cropped wp-block-gallery-1 is-layout-flex wp-block-gallery-is-layout-flex\"><ul class=\"blocks-gallery-grid\"><li class=\"blocks-gallery-item\"><figure><img loading=\"lazy\" decoding=\"async\" width=\"640\" height=\"427\" src=\"https:\/\/2019.marseille.wordcamp.org\/files\/2019\/08\/37530395841_50446fefd6_z.jpg\" alt=\"\" data-id=\"422\" data-link=\"https:\/\/2019.marseille.wordcamp.org\/infos-pratiques\/37530395841_50446fefd6_z\/\" class=\"wp-image-422\" srcset=\"https:\/\/marseille.wordcamp.org\/2019\/files\/2019\/08\/37530395841_50446fefd6_z.jpg 640w, https:\/\/marseille.wordcamp.org\/2019\/files\/2019\/08\/37530395841_50446fefd6_z-300x200.jpg 300w, https:\/\/marseille.wordcamp.org\/2019\/files\/2019\/08\/37530395841_50446fefd6_z-450x300.jpg 450w\" sizes=\"auto, (max-width: 640px) 100vw, 640px\" \/><\/figure><\/li><li class=\"blocks-gallery-item\"><figure><img loading=\"lazy\" decoding=\"async\" width=\"640\" height=\"427\" src=\"https:\/\/2019.marseille.wordcamp.org\/files\/2019\/08\/37499200542_a710ac60d3_z1.jpg\" alt=\"\" data-id=\"420\" data-link=\"https:\/\/2019.marseille.wordcamp.org\/infos-pratiques\/37499200542_a710ac60d3_z1\/\" class=\"wp-image-420\" srcset=\"https:\/\/marseille.wordcamp.org\/2019\/files\/2019\/08\/37499200542_a710ac60d3_z1.jpg 640w, https:\/\/marseille.wordcamp.org\/2019\/files\/2019\/08\/37499200542_a710ac60d3_z1-300x200.jpg 300w, https:\/\/marseille.wordcamp.org\/2019\/files\/2019\/08\/37499200542_a710ac60d3_z1-450x300.jpg 450w\" sizes=\"auto, (max-width: 640px) 100vw, 640px\" \/><\/figure><\/li><li class=\"blocks-gallery-item\"><figure><img loading=\"lazy\" decoding=\"async\" width=\"640\" height=\"427\" src=\"https:\/\/2019.marseille.wordcamp.org\/files\/2019\/08\/37499208602_060ee4ca0b_z.jpg\" alt=\"\" data-id=\"421\" data-link=\"https:\/\/2019.marseille.wordcamp.org\/infos-pratiques\/37499208602_060ee4ca0b_z\/\" class=\"wp-image-421\" srcset=\"https:\/\/marseille.wordcamp.org\/2019\/files\/2019\/08\/37499208602_060ee4ca0b_z.jpg 640w, https:\/\/marseille.wordcamp.org\/2019\/files\/2019\/08\/37499208602_060ee4ca0b_z-300x200.jpg 300w, https:\/\/marseille.wordcamp.org\/2019\/files\/2019\/08\/37499208602_060ee4ca0b_z-450x300.jpg 450w\" sizes=\"auto, (max-width: 640px) 100vw, 640px\" \/><\/figure><\/li><li class=\"blocks-gallery-item\"><figure><img loading=\"lazy\" decoding=\"async\" width=\"640\" height=\"427\" src=\"https:\/\/2019.marseille.wordcamp.org\/files\/2019\/08\/23678222608_ac567f71f7_z.jpg\" alt=\"\" data-id=\"367\" data-link=\"https:\/\/2019.marseille.wordcamp.org\/devenez-oratrice-orateur\/23678222608_ac567f71f7_z\/\" class=\"wp-image-367\" srcset=\"https:\/\/marseille.wordcamp.org\/2019\/files\/2019\/08\/23678222608_ac567f71f7_z.jpg 640w, https:\/\/marseille.wordcamp.org\/2019\/files\/2019\/08\/23678222608_ac567f71f7_z-300x200.jpg 300w, https:\/\/marseille.wordcamp.org\/2019\/files\/2019\/08\/23678222608_ac567f71f7_z-450x300.jpg 450w\" sizes=\"auto, (max-width: 640px) 100vw, 640px\" \/><\/figure><\/li><li class=\"blocks-gallery-item\"><figure><img loading=\"lazy\" decoding=\"async\" width=\"1024\" height=\"317\" src=\"https:\/\/2019.marseille.wordcamp.org\/files\/2019\/08\/forum_emd-1024x317.jpg\" alt=\"\" data-id=\"267\" data-link=\"https:\/\/2019.marseille.wordcamp.org\/devenez-oratrice-orateur\/forum_emd\/\" class=\"wp-image-267\" srcset=\"https:\/\/marseille.wordcamp.org\/2019\/files\/2019\/08\/forum_emd-1024x317.jpg 1024w, https:\/\/marseille.wordcamp.org\/2019\/files\/2019\/08\/forum_emd-300x93.jpg 300w, https:\/\/marseille.wordcamp.org\/2019\/files\/2019\/08\/forum_emd-768x238.jpg 768w, https:\/\/marseille.wordcamp.org\/2019\/files\/2019\/08\/forum_emd-500x155.jpg 500w, https:\/\/marseille.wordcamp.org\/2019\/files\/2019\/08\/forum_emd.jpg 1376w\" sizes=\"auto, (max-width: 1024px) 100vw, 1024px\" \/><\/figure><\/li><\/ul><\/figure>\n\n\n\n<p>Nous avions envie de vous pr\u00e9senter <a rel=\"noreferrer noopener\" href=\"http:\/\/www.emd-management.fr\/\" target=\"_blank\">l&rsquo;EMD<\/a>, l&rsquo;\u00e9cole de commerce et de management, qui va de nouveau accueillir notre \u00e9v\u00e9nement. Un endroit id\u00e9al pour nos WordCamps \u00e0 Marseille.<\/p>\n\n\n\n<h3 class=\"wp-block-heading\">O\u00f9 se situe cette \u00e9cole ?<\/h3>\n\n\n\n<div class=\"wp-block-columns has-2-columns is-layout-flex wp-container-core-columns-is-layout-9d6595d7 wp-block-columns-is-layout-flex\">\n<div class=\"wp-block-column is-layout-flow wp-block-column-is-layout-flow\">\n<p>L&rsquo;EMD, cet \u00e9tablissement qui va nous accueillir le temps d&rsquo;une journ\u00e9e (le 29 novembre 2019), est situ\u00e9 dans un lieu strat\u00e9gique de Marseille, au carrefour de plusieurs quartiers : <strong>Saint Charles<\/strong>.<\/p>\n\n\n\n<p>Ce secteur est tr\u00e8s bien desservi, que ce soit en train\/TGV, en taxi, en m\u00e9tro, en tramway ou en bus.<\/p>\n\n\n\n<p><a href=\"http:\/\/www.emd-management.fr\/\">EMD<\/a>, rue Joseph Biaggi, 13003 Marseille<\/p>\n<\/div>\n\n\n\n<div class=\"wp-block-column is-layout-flow wp-block-column-is-layout-flow\"><div class=\"googlemaps\">\n\t\t\t\t<iframe loading=\"lazy\" width=\"600\" height=\"450\" frameborder=\"0\" scrolling=\"no\" marginheight=\"0\" marginwidth=\"0\"  src=\"https:\/\/www.google.com\/maps\/embed?pb=!1m18!1m12!1m3!1d2903.554145343107!2d5.374511315486428!3d43.302657879135005!2m3!1f0!2f0!3f0!3m2!1i1024!2i768!4f13.1!3m3!1m2!1s0x0:0x673105d1c9ed0b64!2sEMD!5e0!3m2!1sfr!2sus!4v1497268508948\"><\/iframe>\n\t\t\t<\/div>\n<\/div>\n<\/div>\n\n\n\n<div class=\"wp-block-cover alignfull has-secondary-background-color has-background-dim has-parallax\" style=\"background-image:url(https:\/\/2019.marseille.wordcamp.org\/files\/2019\/08\/emd_jardin.jpg)\"><div class=\"wp-block-cover__inner-container is-layout-flow wp-block-cover-is-layout-flow\">\n<p class=\"has-text-align-center has-large-font-size\">RDV le 29 Novembre \u00e0 l&rsquo;EMD<\/p>\n<\/div><\/div>\n\n\n\n<h3 class=\"wp-block-heading\">Qu&rsquo;est-ce que l&rsquo;EMD ?<\/h3>\n\n\n\n<p>L&rsquo;EMD est l\u2019acronyme de <strong>Entreprendre \/ Manager \/ D\u00e9velopper<\/strong>.<br>Cette \u00e9cole de management est un lieu d&rsquo;acquisition de savoirs et de comp\u00e9tences manag\u00e9riales, o\u00f9 est dispens\u00e9 un enseignement sup\u00e9rieur de qualit\u00e9. Son objectif est de pr\u00e9parer des \u00ab\u00a0leaders de la soci\u00e9t\u00e9\u00a0\u00bb.<\/p>\n\n\n\n<p><a href=\"http:\/\/www.emd-management.fr\/uploads\/company\/d22123c28b34cf1459b376a394f94195a640f797.pdf\" target=\"_blank\" rel=\"noreferrer noopener\">T\u00e9l\u00e9charger la plaquette<\/a><\/p>\n\n\n\n<h3 class=\"wp-block-heading\">\u00c0 la rencontre des \u00e9l\u00e8ves&#8230;<\/h3>\n\n\n\n<div class=\"wp-block-columns has-2-columns is-layout-flex wp-container-core-columns-is-layout-9d6595d7 wp-block-columns-is-layout-flex\">\n<div class=\"wp-block-column is-layout-flow wp-block-column-is-layout-flow\">\n<p>Vous l&rsquo;aurez compris, cette \u00e9cole d&rsquo;enseignement sup\u00e9rieur regorge de jeunes \u00e9l\u00e8ves audacieux que vous croiserez et risquerez de revoir \u00e0 l&rsquo;avenir&#8230; L&rsquo;EMD se positionne alors comme un lieu de rencontres prometteuses !<\/p>\n<\/div>\n\n\n\n<div class=\"wp-block-column is-layout-flow wp-block-column-is-layout-flow\">\n<div class=\"wp-block-image\"><figure class=\"aligncenter\"><img decoding=\"async\" src=\"https:\/\/2017.marseille.wordcamp.org\/files\/2017\/03\/PlanEmd-300x238.jpg\" alt=\"\" class=\"wp-image-422\" \/><\/figure><\/div>\n<\/div>\n<\/div>\n\n\n\n<div class=\"wp-block-cover alignfull has-dark-gray-background-color\" style=\"background-image:url(https:\/\/2019.marseille.wordcamp.org\/files\/2019\/08\/MARSEILLE.png);background-position:81.88073394495413% 52.7631257709704%\"><div class=\"wp-block-cover__inner-container is-layout-flow wp-block-cover-is-layout-flow\">\n<p class=\"has-text-align-center has-large-font-size\"><\/p>\n<\/div><\/div>\n","protected":false},"excerpt":{"rendered":"<p>Le d\u00e9roulement de la journ\u00e9e \u00e0 l&rsquo;EMD 08H45 accueil des participants et ouverture du WordCamp 13H15 pause d\u00e9jeuner (inclus dans votre ticket) 18H15 cl\u00f4ture du WordCamp Et ce n&rsquo;est pas fini ! 19H30 soir\u00e9e conviviale au DandyO (\u00e0 c\u00f4t\u00e9 du nouveau cin\u00e9ma Joliette) (la participation \u00e0 la soir\u00e9e est aussi incluse dans votre ticket) Le &hellip; <\/p>\n<p class=\"link-more\"><a href=\"https:\/\/marseille.wordcamp.org\/2019\/infos-pratiques\/\" class=\"more-link\">Continuer la lecture <span class=\"screen-reader-text\"> \u00ab\u00a0Infos Pratiques\u00a0\u00bb<\/span><\/a><\/p>\n","protected":false},"author":11478145,"featured_media":0,"parent":0,"menu_order":0,"comment_status":"closed","ping_status":"closed","template":"","meta":{"jetpack_post_was_ever_published":false,"_ef_editorial_meta_date_first-draft-date":"","_ef_editorial_meta_paragraph_assignment":"","_ef_editorial_meta_checkbox_needs-photo":"","_ef_editorial_meta_number_word-count":"","footnotes":""},"class_list":["post-11","page","type-page","status-publish","hentry","entry"],"jetpack_sharing_enabled":true,"_links":{"self":[{"href":"https:\/\/marseille.wordcamp.org\/2019\/wp-json\/wp\/v2\/pages\/11","targetHints":{"allow":["GET"]}}],"collection":[{"href":"https:\/\/marseille.wordcamp.org\/2019\/wp-json\/wp\/v2\/pages"}],"about":[{"href":"https:\/\/marseille.wordcamp.org\/2019\/wp-json\/wp\/v2\/types\/page"}],"author":[{"embeddable":true,"href":"https:\/\/marseille.wordcamp.org\/2019\/wp-json\/wp\/v2\/users\/11478145"}],"replies":[{"embeddable":true,"href":"https:\/\/marseille.wordcamp.org\/2019\/wp-json\/wp\/v2\/comments?post=11"}],"version-history":[{"count":28,"href":"https:\/\/marseille.wordcamp.org\/2019\/wp-json\/wp\/v2\/pages\/11\/revisions"}],"predecessor-version":[{"id":1642,"href":"https:\/\/marseille.wordcamp.org\/2019\/wp-json\/wp\/v2\/pages\/11\/revisions\/1642"}],"wp:attachment":[{"href":"https:\/\/marseille.wordcamp.org\/2019\/wp-json\/wp\/v2\/media?parent=11"}],"curies":[{"name":"wp","href":"https:\/\/api.w.org\/{rel}","templated":true}]}}