{"id":921,"date":"2017-07-03T12:02:22","date_gmt":"2017-07-03T12:02:22","guid":{"rendered":"https:\/\/2017.marseille.wordcamp.org\/?page_id=921"},"modified":"2017-07-26T17:10:16","modified_gmt":"2017-07-26T17:10:16","slug":"bannieres","status":"publish","type":"page","link":"https:\/\/marseille.wordcamp.org\/2017\/bannieres\/","title":{"rendered":"Banni\u00e8res"},"content":{"rendered":"<p>Embarquez les couleurs du premier WordCamp Marseille sur vos sites et vos r\u00e9seaux sociaux ! Soyons fiers d&rsquo;\u00eatre marseillais \ud83d\ude09 &#8230; t\u00e9l\u00e9chargez sur cette page les logos et les banni\u00e8res.<\/p>\n<h2>Les banni\u00e8res de l&rsquo;\u00e9v\u00e9nement\u00a0:<\/h2>\n<h6>FORMAT 300 x 250 px \/ PNG<\/h6>\n<p><a href=\"https:\/\/2017.marseille.wordcamp.org\/files\/2017\/07\/WcM-300x250-01.png\"><img loading=\"lazy\" decoding=\"async\" class=\"aligncenter wp-image-1189 size-full\" src=\"https:\/\/2017.marseille.wordcamp.org\/files\/2017\/07\/WcM-300x250-01.png\" alt=\"\" width=\"300\" height=\"250\" \/><\/a><\/p>\n<hr \/>\n<h6>FORMAT 648 x 80 px \/ PNG<\/h6>\n<p><a href=\"https:\/\/2017.marseille.wordcamp.org\/files\/2017\/07\/WcM-468x60-01.png\"><img loading=\"lazy\" decoding=\"async\" class=\"aligncenter wp-image-1190 size-full\" src=\"https:\/\/2017.marseille.wordcamp.org\/files\/2017\/07\/WcM-468x60-01.png\" alt=\"\" width=\"468\" height=\"60\" srcset=\"https:\/\/marseille.wordcamp.org\/2017\/files\/2017\/07\/WcM-468x60-01.png 468w, https:\/\/marseille.wordcamp.org\/2017\/files\/2017\/07\/WcM-468x60-01-300x38.png 300w\" sizes=\"auto, (max-width: 468px) 100vw, 468px\" \/><\/a><\/p>\n<hr \/>\n<h6>FORMAT 720 x 90 px \/ PNG<\/h6>\n<p><a href=\"https:\/\/2017.marseille.wordcamp.org\/files\/2017\/07\/WcM-728x90-01.png\"><img loading=\"lazy\" decoding=\"async\" class=\"aligncenter wp-image-1191 size-full\" src=\"https:\/\/2017.marseille.wordcamp.org\/files\/2017\/07\/WcM-728x90-01.png\" alt=\"\" width=\"728\" height=\"90\" srcset=\"https:\/\/marseille.wordcamp.org\/2017\/files\/2017\/07\/WcM-728x90-01.png 728w, https:\/\/marseille.wordcamp.org\/2017\/files\/2017\/07\/WcM-728x90-01-300x37.png 300w, https:\/\/marseille.wordcamp.org\/2017\/files\/2017\/07\/WcM-728x90-01-500x62.png 500w\" sizes=\"auto, (max-width: 728px) 100vw, 728px\" \/><\/a><\/p>\n<h2>Orateur :<\/h2>\n<p><img loading=\"lazy\" decoding=\"async\" class=\"wp-image-923 size-medium aligncenter\" src=\"https:\/\/2017.marseille.wordcamp.org\/files\/2017\/07\/conf-300x299.png\" alt=\"\" width=\"300\" height=\"299\" srcset=\"https:\/\/marseille.wordcamp.org\/2017\/files\/2017\/07\/conf-300x299.png 300w, https:\/\/marseille.wordcamp.org\/2017\/files\/2017\/07\/conf-150x150.png 150w, https:\/\/marseille.wordcamp.org\/2017\/files\/2017\/07\/conf.png 301w\" sizes=\"auto, (max-width: 300px) 100vw, 300px\" \/><\/p>\n<h2>J&rsquo;y vais !<\/h2>\n<p><a href=\"https:\/\/2017.marseille.wordcamp.org\/files\/2017\/07\/jyvais.png\"><img loading=\"lazy\" decoding=\"async\" class=\"aligncenter size-full wp-image-924\" src=\"https:\/\/2017.marseille.wordcamp.org\/files\/2017\/07\/jyvais.png\" alt=\"\" width=\"301\" height=\"300\" srcset=\"https:\/\/marseille.wordcamp.org\/2017\/files\/2017\/07\/jyvais.png 301w, https:\/\/marseille.wordcamp.org\/2017\/files\/2017\/07\/jyvais-150x150.png 150w, https:\/\/marseille.wordcamp.org\/2017\/files\/2017\/07\/jyvais-300x299.png 300w\" sizes=\"auto, (max-width: 301px) 100vw, 301px\" \/><\/a><\/p>\n<h2>Je suis b\u00e9n\u00e9vole :<\/h2>\n<p><a href=\"https:\/\/2017.marseille.wordcamp.org\/files\/2017\/07\/benevole.png\"><img loading=\"lazy\" decoding=\"async\" class=\"aligncenter size-full wp-image-922\" src=\"https:\/\/2017.marseille.wordcamp.org\/files\/2017\/07\/benevole.png\" alt=\"\" width=\"301\" height=\"300\" srcset=\"https:\/\/marseille.wordcamp.org\/2017\/files\/2017\/07\/benevole.png 301w, https:\/\/marseille.wordcamp.org\/2017\/files\/2017\/07\/benevole-150x150.png 150w, https:\/\/marseille.wordcamp.org\/2017\/files\/2017\/07\/benevole-300x299.png 300w\" sizes=\"auto, (max-width: 301px) 100vw, 301px\" \/><\/a><\/p>\n<h2>Je sponsorise :<\/h2>\n<p><a href=\"https:\/\/2017.marseille.wordcamp.org\/files\/2017\/07\/sponsor.png\"><img loading=\"lazy\" decoding=\"async\" class=\"aligncenter size-full wp-image-925\" src=\"https:\/\/2017.marseille.wordcamp.org\/files\/2017\/07\/sponsor.png\" alt=\"\" width=\"301\" height=\"300\" srcset=\"https:\/\/marseille.wordcamp.org\/2017\/files\/2017\/07\/sponsor.png 301w, https:\/\/marseille.wordcamp.org\/2017\/files\/2017\/07\/sponsor-150x150.png 150w, https:\/\/marseille.wordcamp.org\/2017\/files\/2017\/07\/sponsor-300x299.png 300w\" sizes=\"auto, (max-width: 301px) 100vw, 301px\" \/><\/a><\/p>\n<p>&nbsp;<\/p>\n<h2>Logos :<\/h2>\n<p><a href=\"https:\/\/2017.marseille.wordcamp.org\/files\/2017\/06\/logo.png\"><img loading=\"lazy\" decoding=\"async\" class=\"aligncenter wp-image-178 size-medium\" src=\"https:\/\/2017.marseille.wordcamp.org\/files\/2017\/06\/logo-238x300.png\" alt=\"\" width=\"238\" height=\"300\" srcset=\"https:\/\/marseille.wordcamp.org\/2017\/files\/2017\/06\/logo-238x300.png 238w, https:\/\/marseille.wordcamp.org\/2017\/files\/2017\/06\/logo.png 330w\" sizes=\"auto, (max-width: 238px) 100vw, 238px\" \/><\/a><\/p>\n<p>&nbsp;<\/p>\n<p><a href=\"https:\/\/2017.marseille.wordcamp.org\/files\/2017\/07\/logo-WCM17-couleur.jpg\"><img loading=\"lazy\" decoding=\"async\" class=\"aligncenter wp-image-1148 size-medium\" src=\"https:\/\/2017.marseille.wordcamp.org\/files\/2017\/07\/logo-WCM17-couleur-300x240.jpg\" alt=\"\" width=\"300\" height=\"240\" srcset=\"https:\/\/marseille.wordcamp.org\/2017\/files\/2017\/07\/logo-WCM17-couleur-300x240.jpg 300w, https:\/\/marseille.wordcamp.org\/2017\/files\/2017\/07\/logo-WCM17-couleur-768x614.jpg 768w, https:\/\/marseille.wordcamp.org\/2017\/files\/2017\/07\/logo-WCM17-couleur-375x300.jpg 375w, https:\/\/marseille.wordcamp.org\/2017\/files\/2017\/07\/logo-WCM17-couleur.jpg 1000w\" sizes=\"auto, (max-width: 300px) 100vw, 300px\" \/><\/a><\/p>\n<p>&nbsp;<\/p>\n","protected":false},"excerpt":{"rendered":"<p>Embarquez les couleurs du premier WordCamp Marseille sur vos sites et vos r\u00e9seaux sociaux ! Soyons fiers d&rsquo;\u00eatre marseillais \ud83d\ude09 &#8230; t\u00e9l\u00e9chargez sur cette page les logos et les banni\u00e8res. Les banni\u00e8res de l&rsquo;\u00e9v\u00e9nement\u00a0: FORMAT 300 x 250 px \/ PNG FORMAT 648 x 80 px \/ PNG FORMAT 720 x 90 px \/ PNG &hellip; <a href=\"https:\/\/marseille.wordcamp.org\/2017\/bannieres\/\" class=\"more-link\">Continuer la lecture de <span class=\"screen-reader-text\">Banni\u00e8res<\/span>  <span class=\"meta-nav\">&rarr;<\/span><\/a><\/p>\n","protected":false},"author":14683910,"featured_media":0,"parent":0,"menu_order":0,"comment_status":"closed","ping_status":"closed","template":"","meta":{"jetpack_post_was_ever_published":false,"footnotes":""},"class_list":["post-921","page","type-page","status-publish","hentry"],"jetpack_sharing_enabled":true,"jetpack_shortlink":"https:\/\/wp.me\/P8xTU2-eR","_links":{"self":[{"href":"https:\/\/marseille.wordcamp.org\/2017\/wp-json\/wp\/v2\/pages\/921","targetHints":{"allow":["GET"]}}],"collection":[{"href":"https:\/\/marseille.wordcamp.org\/2017\/wp-json\/wp\/v2\/pages"}],"about":[{"href":"https:\/\/marseille.wordcamp.org\/2017\/wp-json\/wp\/v2\/types\/page"}],"author":[{"embeddable":true,"href":"https:\/\/marseille.wordcamp.org\/2017\/wp-json\/wp\/v2\/users\/14683910"}],"replies":[{"embeddable":true,"href":"https:\/\/marseille.wordcamp.org\/2017\/wp-json\/wp\/v2\/comments?post=921"}],"version-history":[{"count":11,"href":"https:\/\/marseille.wordcamp.org\/2017\/wp-json\/wp\/v2\/pages\/921\/revisions"}],"predecessor-version":[{"id":1193,"href":"https:\/\/marseille.wordcamp.org\/2017\/wp-json\/wp\/v2\/pages\/921\/revisions\/1193"}],"wp:attachment":[{"href":"https:\/\/marseille.wordcamp.org\/2017\/wp-json\/wp\/v2\/media?parent=921"}],"curies":[{"name":"wp","href":"https:\/\/api.w.org\/{rel}","templated":true}]}}