{"id":639,"date":"2017-06-13T13:02:04","date_gmt":"2017-06-13T13:02:04","guid":{"rendered":"https:\/\/2017.marseille.wordcamp.org\/?page_id=639"},"modified":"2017-07-04T20:39:51","modified_gmt":"2017-07-04T20:39:51","slug":"trouver-un-hotel","status":"publish","type":"page","link":"https:\/\/marseille.wordcamp.org\/2017\/trouver-un-hotel\/","title":{"rendered":"Trouver un h\u00f4tel"},"content":{"rendered":"<p>Vous venez de loin et avez besoin de trouver un h\u00e9bergement pour assister au WordCamp Marseille ? Voici une liste des h\u00f4tels situ\u00e9s \u00e0 proximit\u00e9 de l&rsquo;\u00e9v\u00e8nement :<\/p>\n<p>&nbsp;<\/p>\n<h2>\u00c0 1 minute \u00e0 pied :\u00a0 Residhome Marseille Saint Charles<\/h2>\n<div class=\"googlemaps\">\n\t\t\t\t<iframe loading=\"lazy\" width=\"600\" height=\"450\" frameborder=\"0\" scrolling=\"no\" marginheight=\"0\" marginwidth=\"0\"  src=\"https:\/\/www.google.com\/maps\/embed?pb=!1m18!1m12!1m3!1d2903.5837607319613!2d5.374248415059133!3d43.30203778308556!2m3!1f0!2f0!3f0!3m2!1i1024!2i768!4f13.1!3m3!1m2!1s0x12c9c094314f2d53:0xef655a6da1166d7c!2sResidhome%20Marseille%20Saint-Charles!5e0!3m2!1sfr!2sfr!4v1499066067791\"><\/iframe>\n\t\t\t<\/div>\n<p><a href=\"http:\/\/www.residhome.com\/residence-hoteliere-aparthotel-marseille-226.html\" target=\"_blank\" rel=\"noopener\">Voir le site<\/a><\/p>\n<p>&nbsp;<\/p>\n<h2>\u00c0 4 minutes \u00e0 pied : H\u00f4tel Holiday Inn Saint Charles<\/h2>\n<div class=\"googlemaps\">\n\t\t\t\t<iframe loading=\"lazy\" width=\"600\" height=\"450\" frameborder=\"0\" scrolling=\"no\" marginheight=\"0\" marginwidth=\"0\"  src=\"https:\/\/www.google.com\/maps\/embed?pb=!1m18!1m12!1m3!1d2903.5473394002756!2d5.37694811505915!3d43.302800383036676!2m3!1f0!2f0!3f0!3m2!1i1024!2i768!4f13.1!3m3!1m2!1s0x12c9c0968fb1451f:0x3b5552b618fa8f03!2s15%20Boulevard%20Maurice%20Bourdet,%2013001%20Marseille!5e0!3m2!1sfr!2sfr!4v1499066421499\"><\/iframe>\n\t\t\t<\/div>\n<p><a href=\"http:\/\/www.kosmopolite-hotels.com\/nos-hotels\/holiday-inn-express-marseille-st-charles\/\" target=\"_blank\" rel=\"noopener\">Voir le site<\/a><\/p>\n<p>&nbsp;<\/p>\n<h2>\u00c0 5 minutes \u00e0 pied : Aparthotel Marseille Saint Charles<\/h2>\n<div class=\"googlemaps\">\n\t\t\t\t<iframe loading=\"lazy\" width=\"600\" height=\"450\" frameborder=\"0\" scrolling=\"no\" marginheight=\"0\" marginwidth=\"0\"  src=\"https:\/\/www.google.com\/maps\/embed?pb=!1m18!1m12!1m3!1d2903.461513693184!2d5.379538315059209!3d43.304597382921116!2m3!1f0!2f0!3f0!3m2!1i1024!2i768!4f13.1!3m3!1m2!1s0x12c9c090d2036f13:0x67b5644f7fd2d957!2s23%20Rue%20Honnorat,%2013003%20Marseille!5e0!3m2!1sfr!2sfr!4v1499066558363\"><\/iframe>\n\t\t\t<\/div>\n<p><a href=\"http:\/\/www.adagio-city.com\/fr\/hotel-8420-aparthotel-adagio-access-marseille-saint-charles\/index.shtml\" target=\"_blank\" rel=\"noopener\">Voir le site<\/a><\/p>\n<p>&nbsp;<\/p>\n<h2>\u00c0 8 minutes \u00e0 pied : H\u00f4tel Ibis Centre Gare Saint Charles<\/h2>\n<div class=\"googlemaps\">\n\t\t\t\t<iframe loading=\"lazy\" width=\"600\" height=\"450\" frameborder=\"0\" scrolling=\"no\" marginheight=\"0\" marginwidth=\"0\"  src=\"https:\/\/www.google.com\/maps\/embed?pb=!1m18!1m12!1m3!1d2903.5662092102903!2d5.379002615059119!3d43.30240528306201!2m3!1f0!2f0!3f0!3m2!1i1024!2i768!4f13.1!3m3!1m2!1s0x12c9c09706a21a05:0x29b11956ab966fcb!2sSquare%20Narvik,%2013001%20Marseille!5e0!3m2!1sfr!2sfr!4v1499066274958\"><\/iframe>\n\t\t\t<\/div>\n<p><a href=\"https:\/\/www.accorhotels.com\/fr\/hotel-1390-ibis-marseille-centre-gare-saint-charles\/index.shtml\" target=\"_blank\" rel=\"noopener\">Voir le site<\/a><\/p>\n<ul>\n<li><a href=\"http:\/\/www.hotelvertigo.fr\/\">Hotel Vertigo<\/a>\u00a0auberge de jeunesse ( 6 minutes \u00e0 pied )<\/li>\n<\/ul>\n<h2>Autour du Vieux Port :<\/h2>\n<ul>\n<li><a href=\"http:\/\/www.hotels-de-marseille.com\/\" target=\"_blank\" rel=\"noopener\">Grand Tonic H\u00f4tel <\/a>(15 minutes \u00e0 pied ou 4 minutes en m\u00e9tro),<\/li>\n<li><a href=\"http:\/\/www.new-hotel.com\/fr\/hotels-marseille\/vieux-port#\" target=\"_blank\" rel=\"noopener\">New H\u00f4tel Vieux Port<\/a> (15 minutes \u00e0 pied ou 3 minutes en m\u00e9tro),<\/li>\n<li><a href=\"https:\/\/www.accorhotels.com\/fr\/hotel-1148-hotel-mercure-marseille-centre-vieux-port\/index.shtml\" target=\"_blank\" rel=\"noopener\">H\u00f4tel Mercure<\/a> (10 minutes \u00e0 pied ou 4 minutes en m\u00e9tro),<\/li>\n<li><a href=\"https:\/\/www.radissonblu.com\/fr\/hotel-marseille\" target=\"_blank\" rel=\"noopener\">Radisson Blu H\u00f4tel Vieux Port<\/a> (25 minutes \u00e0 pied ou 12 minutes en m\u00e9tro).<\/li>\n<\/ul>\n<p>&nbsp;<\/p>\n<h2>En centre ville :<\/h2>\n<ul>\n<li><a href=\"http:\/\/www.mamashelter.com\/fr\/marseille\" target=\"_blank\" rel=\"noopener\">Mama Shelter<\/a> (situ\u00e9 dans le centre, 20 minutes \u00e0 pied ou 10 minutes en m\u00e9tro)<\/li>\n<\/ul>\n<p>&nbsp;<\/p>\n","protected":false},"excerpt":{"rendered":"<p>Vous venez de loin et avez besoin de trouver un h\u00e9bergement pour assister au WordCamp Marseille ? Voici une liste des h\u00f4tels situ\u00e9s \u00e0 proximit\u00e9 de l&rsquo;\u00e9v\u00e8nement : &nbsp; \u00c0 1 minute \u00e0 pied :\u00a0 Residhome Marseille Saint Charles Voir le site &nbsp; \u00c0 4 minutes \u00e0 pied : H\u00f4tel Holiday Inn Saint Charles Voir &hellip; <a href=\"https:\/\/marseille.wordcamp.org\/2017\/trouver-un-hotel\/\" class=\"more-link\">Continuer la lecture de <span class=\"screen-reader-text\">Trouver un h\u00f4tel<\/span>  <span class=\"meta-nav\">&rarr;<\/span><\/a><\/p>\n","protected":false},"author":14683910,"featured_media":316,"parent":0,"menu_order":0,"comment_status":"closed","ping_status":"closed","template":"","meta":{"jetpack_post_was_ever_published":false,"footnotes":""},"class_list":["post-639","page","type-page","status-publish","has-post-thumbnail","hentry"],"jetpack_sharing_enabled":true,"jetpack_shortlink":"https:\/\/wp.me\/P8xTU2-aj","_links":{"self":[{"href":"https:\/\/marseille.wordcamp.org\/2017\/wp-json\/wp\/v2\/pages\/639","targetHints":{"allow":["GET"]}}],"collection":[{"href":"https:\/\/marseille.wordcamp.org\/2017\/wp-json\/wp\/v2\/pages"}],"about":[{"href":"https:\/\/marseille.wordcamp.org\/2017\/wp-json\/wp\/v2\/types\/page"}],"author":[{"embeddable":true,"href":"https:\/\/marseille.wordcamp.org\/2017\/wp-json\/wp\/v2\/users\/14683910"}],"replies":[{"embeddable":true,"href":"https:\/\/marseille.wordcamp.org\/2017\/wp-json\/wp\/v2\/comments?post=639"}],"version-history":[{"count":6,"href":"https:\/\/marseille.wordcamp.org\/2017\/wp-json\/wp\/v2\/pages\/639\/revisions"}],"predecessor-version":[{"id":964,"href":"https:\/\/marseille.wordcamp.org\/2017\/wp-json\/wp\/v2\/pages\/639\/revisions\/964"}],"wp:featuredmedia":[{"embeddable":true,"href":"https:\/\/marseille.wordcamp.org\/2017\/wp-json\/wp\/v2\/media\/316"}],"wp:attachment":[{"href":"https:\/\/marseille.wordcamp.org\/2017\/wp-json\/wp\/v2\/media?parent=639"}],"curies":[{"name":"wp","href":"https:\/\/api.w.org\/{rel}","templated":true}]}}