{"id":13,"date":"2017-03-24T10:34:09","date_gmt":"2017-03-24T10:34:09","guid":{"rendered":"https:\/\/2017.marseille.wordcamp.org\/?page_id=13"},"modified":"2022-03-22T03:11:29","modified_gmt":"2022-03-22T03:11:29","slug":"tickets","status":"publish","type":"page","link":"https:\/\/marseille.wordcamp.org\/2017\/tickets\/","title":{"rendered":"Tickets"},"content":{"rendered":"<h2>Ceci n&rsquo;est pas une <a href=\"https:\/\/fr.wiktionary.org\/wiki\/gal%C3%A9jade\" target=\"_blank\" rel=\"noopener\"><em>gal\u00e9jade<\/em><\/a> !<\/h2>\n<p>La billetterie du premier WordCamp Marseille est en ligne !<br \/>\nR\u00e9servez votre ticket pour la journ\u00e9e du VENDREDI 15 SEPTEMBRE 2017.<br \/>\n<strong>FERMETURE DE LA BILLETTERIE LE 10 SEPTEMBRE<\/strong><\/p>\n<p><a href=\"https:\/\/marseille.wordcamp.org\/2017\/tickets\/\">Veuillez consulter cette page dans un navigateur pour acheter ou g\u00e9rer vos billets.<\/a><br \/>\nPlus de billet ? Allez consulter <a href=\"https:\/\/2017.marseille.wordcamp.org\/2017\/09\/05\/un-ticket-a-vendre-troquer-offrir\/\">cette page<\/a> pour trouver une personne qui en a \u00e0 revendre, \u00e9changer, offrir&#8230;<br \/>\n<a style=\"color: #41a62a\" href=\"https:\/\/2017.marseille.wordcamp.org\/attendees\/\">Ils ont d\u00e9j\u00e0 leur billet !!!<\/a><\/p>\n<h2>Informations pratiques :<\/h2>\n<ul>\n<li>D\u00e9couvrir <a href=\"https:\/\/2017.marseille.wordcamp.org\/le-lieu\/\">le lieu de l&rsquo;\u00e9v\u00e8nement<\/a><\/li>\n<li>Lisez <a href=\"https:\/\/2017.marseille.wordcamp.org\/code-de-conduite\/\">notre charte<\/a><\/li>\n<\/ul>\n<p>&nbsp;<\/p>\n<h2>Informations compl\u00e9mentaires<\/h2>\n<ul>\n<li>Aucun billet ne vous sera envoy\u00e9, nous enregistrons votre inscription informatiquement.<\/li>\n<li>Veuillez noter que le paiement s&rsquo;effectue via PayPal et qu\u2019aucun remboursement n\u2019est possible.<\/li>\n<li>Si vous avez achet\u00e9 un ticket et que vous avez un emp\u00eachement, n&rsquo;h\u00e9sitez pas <a href=\"https:\/\/2017.marseille.wordcamp.org\/revendre-mon-billet\/\">\u00e0 en faire profiter un ami<\/a> ou une personne de la communaut\u00e9, ce serait dommage !<\/li>\n<li>Toute personne d\u2019\u00e2ge mineur doit \u00eatre accompagn\u00e9e d\u2019un parent.<\/li>\n<li>Le billet comprend la journ\u00e9e de l\u2019\u00e9v\u00e9nement, les pauses caf\u00e9, un snack-d\u00e9jeuner et une invitation \u00e0 l&rsquo;after.<\/li>\n<li>Afin de promouvoir la communaut\u00e9 WordPress, des photographes et des vid\u00e9astes b\u00e9n\u00e9voles et\/ou professionnels seront pr\u00e9sents lors de l&rsquo;\u00e9v\u00e9nement WordCamp. En assistant \u00e0 l&rsquo;\u00e9v\u00e9nement, vous consentez \u00e0 ce que votre image soit utilis\u00e9e sur les photos ou dans les vid\u00e9os qui peuvent vous montrer participant au WordCamp.<\/li>\n<\/ul>\n<p>&nbsp;<\/p>\n<h2>Encore merci !<\/h2>\n<p>UN GRAND MERCI \u00e0 <a href=\"https:\/\/2017.marseille.wordcamp.org\/sponsors\/\">nos incroyables sponsors<\/a> qui nous soutiennent pour mener \u00e0 bien ce premier WordCamp Marseille. Leur g\u00e9n\u00e9rosit\u00e9 vous permet d&rsquo;obtenir un ticket \u00e0 un tarif abordable, profitez-en !<\/p>\n","protected":false},"excerpt":{"rendered":"<p>Ceci n&rsquo;est pas une gal\u00e9jade ! La billetterie du premier WordCamp Marseille est en ligne ! R\u00e9servez votre ticket pour la journ\u00e9e du VENDREDI 15 SEPTEMBRE 2017. FERMETURE DE LA BILLETTERIE LE 10 SEPTEMBRE Plus de billet ? Allez consulter cette page pour trouver une personne qui en a \u00e0 revendre, \u00e9changer, offrir&#8230; Ils ont &hellip; <a href=\"https:\/\/marseille.wordcamp.org\/2017\/tickets\/\" class=\"more-link\">Continuer la lecture de <span class=\"screen-reader-text\">Tickets<\/span>  <span class=\"meta-nav\">&rarr;<\/span><\/a><\/p>\n","protected":false},"author":9189275,"featured_media":0,"parent":0,"menu_order":0,"comment_status":"closed","ping_status":"closed","template":"","meta":{"jetpack_post_was_ever_published":false,"footnotes":""},"class_list":["post-13","page","type-page","status-publish","hentry"],"jetpack_sharing_enabled":true,"jetpack_shortlink":"https:\/\/wp.me\/P8xTU2-d","_links":{"self":[{"href":"https:\/\/marseille.wordcamp.org\/2017\/wp-json\/wp\/v2\/pages\/13","targetHints":{"allow":["GET"]}}],"collection":[{"href":"https:\/\/marseille.wordcamp.org\/2017\/wp-json\/wp\/v2\/pages"}],"about":[{"href":"https:\/\/marseille.wordcamp.org\/2017\/wp-json\/wp\/v2\/types\/page"}],"author":[{"embeddable":true,"href":"https:\/\/marseille.wordcamp.org\/2017\/wp-json\/wp\/v2\/users\/9189275"}],"replies":[{"embeddable":true,"href":"https:\/\/marseille.wordcamp.org\/2017\/wp-json\/wp\/v2\/comments?post=13"}],"version-history":[{"count":25,"href":"https:\/\/marseille.wordcamp.org\/2017\/wp-json\/wp\/v2\/pages\/13\/revisions"}],"predecessor-version":[{"id":1903,"href":"https:\/\/marseille.wordcamp.org\/2017\/wp-json\/wp\/v2\/pages\/13\/revisions\/1903"}],"wp:attachment":[{"href":"https:\/\/marseille.wordcamp.org\/2017\/wp-json\/wp\/v2\/media?parent=13"}],"curies":[{"name":"wp","href":"https:\/\/api.w.org\/{rel}","templated":true}]}}