{"id":11,"date":"2017-03-24T10:34:09","date_gmt":"2017-03-24T10:34:09","guid":{"rendered":"https:\/\/2017.marseille.wordcamp.org\/location\/"},"modified":"2017-08-29T15:21:51","modified_gmt":"2017-08-29T15:21:51","slug":"le-lieu","status":"publish","type":"page","link":"https:\/\/marseille.wordcamp.org\/2017\/le-lieu\/","title":{"rendered":"Le lieu"},"content":{"rendered":"<p>Nous avions envie de vous pr\u00e9senter <a href=\"http:\/\/www.emd-management.fr\/\" target=\"_blank\" rel=\"noopener\">l&rsquo;EMD<\/a>, l&rsquo;\u00e9cole de commerce et de management, qui va accueillir notre \u00e9v\u00e8nement. Un endroit id\u00e9al pour le premier WordCamp Marseille&#8230;<\/p>\n<h2>Qu&rsquo;est-ce que l&rsquo;EMD ?<\/h2>\n<p>L&rsquo;EMD est l\u2019acronyme de <strong>Entreprendre \/ Manager \/ D\u00e9velopper<\/strong>.<br \/>\nCette \u00e9cole de management est un lieu d&rsquo;acquisition de savoirs et de comp\u00e9tences manag\u00e9riales, o\u00f9 est dispens\u00e9 un enseignement sup\u00e9rieur de qualit\u00e9. Son objectif est de pr\u00e9parer des \u00ab\u00a0leaders de la soci\u00e9t\u00e9\u00a0\u00bb.<\/p>\n<p><a href=\"http:\/\/www.emd-management.fr\/uploads\/company\/d22123c28b34cf1459b376a394f94195a640f797.pdf\" target=\"_blank\" rel=\"noopener\">T\u00e9l\u00e9charger la plaquette<\/a><\/p>\n<h2>\u00c0 la rencontre des \u00e9l\u00e8ves&#8230;<\/h2>\n<p>Vous l&rsquo;aurez compris, cette \u00e9cole d&rsquo;enseignement sup\u00e9rieur regorge de jeunes \u00e9l\u00e8ves audacieux que vous croiserez et risquerez de revoir \u00e0 l&rsquo;avenir&#8230; L&rsquo;EMD se positionne alors comme un lieu de rencontres prometteuses !<\/p>\n<h2>O\u00f9 se situe cette \u00e9cole ?<\/h2>\n<p><a href=\"http:\/\/www.emd-management.fr\/fr\/\">EMD<\/a>, rue Joseph Biaggi, 13003 Marseille<\/p>\n<p>L&rsquo;EMD, cet \u00e9tablissement qui va nous accueillir le temps d&rsquo;une journ\u00e9e (le 15 septembre), est situ\u00e9 dans un lieu strat\u00e9gique de Marseille, au carrefour de plusieurs quartiers : <strong>Saint Charles<\/strong>.<\/p>\n<div class=\"googlemaps\">\n\t\t\t\t<iframe loading=\"lazy\" width=\"600\" height=\"450\" frameborder=\"0\" scrolling=\"no\" marginheight=\"0\" marginwidth=\"0\"  src=\"https:\/\/www.google.com\/maps\/embed?pb=!1m18!1m12!1m3!1d2903.554145343107!2d5.374511315486428!3d43.302657879135005!2m3!1f0!2f0!3f0!3m2!1i1024!2i768!4f13.1!3m3!1m2!1s0x0:0x673105d1c9ed0b64!2sEMD!5e0!3m2!1sfr!2sus!4v1497268508948\"><\/iframe>\n\t\t\t<\/div>\n<p>Ce secteur est tr\u00e8s bien desservi, que ce soit en train\/TGV, en taxi, en m\u00e9tro, en tramway ou en bus.<\/p>\n<p><img loading=\"lazy\" decoding=\"async\" class=\"size-medium wp-image-422 aligncenter\" src=\"https:\/\/2017.marseille.wordcamp.org\/files\/2017\/03\/PlanEmd-300x238.jpg\" alt=\"\" width=\"300\" height=\"238\" srcset=\"https:\/\/marseille.wordcamp.org\/2017\/files\/2017\/03\/PlanEmd-300x238.jpg 300w, https:\/\/marseille.wordcamp.org\/2017\/files\/2017\/03\/PlanEmd-768x609.jpg 768w, https:\/\/marseille.wordcamp.org\/2017\/files\/2017\/03\/PlanEmd-1024x811.jpg 1024w, https:\/\/marseille.wordcamp.org\/2017\/files\/2017\/03\/PlanEmd-379x300.jpg 379w, https:\/\/marseille.wordcamp.org\/2017\/files\/2017\/03\/PlanEmd.jpg 1055w\" sizes=\"auto, (max-width: 300px) 100vw, 300px\" \/><\/p>\n<p>&nbsp;<\/p>\n","protected":false},"excerpt":{"rendered":"<p>Nous avions envie de vous pr\u00e9senter l&rsquo;EMD, l&rsquo;\u00e9cole de commerce et de management, qui va accueillir notre \u00e9v\u00e8nement. Un endroit id\u00e9al pour le premier WordCamp Marseille&#8230; Qu&rsquo;est-ce que l&rsquo;EMD ? L&rsquo;EMD est l\u2019acronyme de Entreprendre \/ Manager \/ D\u00e9velopper. Cette \u00e9cole de management est un lieu d&rsquo;acquisition de savoirs et de comp\u00e9tences manag\u00e9riales, o\u00f9 est &hellip; <a href=\"https:\/\/marseille.wordcamp.org\/2017\/le-lieu\/\" class=\"more-link\">Continuer la lecture de <span class=\"screen-reader-text\">Le lieu<\/span>  <span class=\"meta-nav\">&rarr;<\/span><\/a><\/p>\n","protected":false},"author":9189275,"featured_media":316,"parent":0,"menu_order":0,"comment_status":"closed","ping_status":"closed","template":"","meta":{"jetpack_post_was_ever_published":false,"footnotes":""},"class_list":["post-11","page","type-page","status-publish","has-post-thumbnail","hentry"],"jetpack_sharing_enabled":true,"jetpack_shortlink":"https:\/\/wp.me\/P8xTU2-b","_links":{"self":[{"href":"https:\/\/marseille.wordcamp.org\/2017\/wp-json\/wp\/v2\/pages\/11","targetHints":{"allow":["GET"]}}],"collection":[{"href":"https:\/\/marseille.wordcamp.org\/2017\/wp-json\/wp\/v2\/pages"}],"about":[{"href":"https:\/\/marseille.wordcamp.org\/2017\/wp-json\/wp\/v2\/types\/page"}],"author":[{"embeddable":true,"href":"https:\/\/marseille.wordcamp.org\/2017\/wp-json\/wp\/v2\/users\/9189275"}],"replies":[{"embeddable":true,"href":"https:\/\/marseille.wordcamp.org\/2017\/wp-json\/wp\/v2\/comments?post=11"}],"version-history":[{"count":6,"href":"https:\/\/marseille.wordcamp.org\/2017\/wp-json\/wp\/v2\/pages\/11\/revisions"}],"predecessor-version":[{"id":1849,"href":"https:\/\/marseille.wordcamp.org\/2017\/wp-json\/wp\/v2\/pages\/11\/revisions\/1849"}],"wp:featuredmedia":[{"embeddable":true,"href":"https:\/\/marseille.wordcamp.org\/2017\/wp-json\/wp\/v2\/media\/316"}],"wp:attachment":[{"href":"https:\/\/marseille.wordcamp.org\/2017\/wp-json\/wp\/v2\/media?parent=11"}],"curies":[{"name":"wp","href":"https:\/\/api.w.org\/{rel}","templated":true}]}}